{"id":291,"date":"2015-09-03T03:03:07","date_gmt":"2015-09-03T03:03:07","guid":{"rendered":"http:\/\/malpaisediciones.com\/sitio\/?page_id=291"},"modified":"2020-08-21T19:20:19","modified_gmt":"2020-08-21T19:20:19","slug":"coleccion-archivo-negro-de-la-poesia-mexicana","status":"publish","type":"page","link":"http:\/\/malpaisediciones.com\/sitio\/blog-creative-type-1\/coleccion-archivo-negro-de-la-poesia-mexicana\/","title":{"rendered":"Archivo Negro de la Poes\u00eda Mexicana (serie 1)"},"content":{"rendered":"<p><a href=\"http:\/\/malpaisediciones.com\/sitio\/wp-content\/uploads\/2015\/04\/caja.jpg\"><img loading=\"lazy\" decoding=\"async\" src=\"http:\/\/malpaisediciones.com\/sitio\/wp-content\/uploads\/2015\/04\/caja.jpg\" alt=\"caja\" width=\"630\" height=\"630\" class=\"alignnone size-full wp-image-284\" srcset=\"http:\/\/malpaisediciones.com\/sitio\/wp-content\/uploads\/2015\/04\/caja.jpg 630w, http:\/\/malpaisediciones.com\/sitio\/wp-content\/uploads\/2015\/04\/caja-300x300.jpg 300w, http:\/\/malpaisediciones.com\/sitio\/wp-content\/uploads\/2015\/04\/caja-100x100.jpg 100w, http:\/\/malpaisediciones.com\/sitio\/wp-content\/uploads\/2015\/04\/caja-600x600.jpg 600w, http:\/\/malpaisediciones.com\/sitio\/wp-content\/uploads\/2015\/04\/caja-150x150.jpg 150w\" sizes=\"auto, (max-width: 630px) 85vw, 630px\" \/><\/a><\/p>\n<p>Conformada por 10 t\u00edtulos, esta colecci\u00f3n rescata las obras m\u00e1s contundentes de diez poetas que realizaron su labor art\u00edstica durante el siglo XX, que han emergido como propuestas po\u00e9ticas de culto, de gran influencia y relevancia para diversas generaciones de escritores. De esta forma se reeditaron libros que han enriquecido la tradici\u00f3n mexicana desde el margen, lejos de la atenci\u00f3n editorial que merecen. Por ello, en conjunto con el Seminario de Investigaci\u00f3n en Poes\u00eda Mexicana Contempor\u00e1nea, adscrito a la Facultad de Filosof\u00eda y Letras de la UNAM, se realizaron ediciones con una introducci\u00f3n cr\u00edtica que ofrece una nueva perspectiva sobre las obras y su relevancia para la poes\u00eda mexicana contempor\u00e1nea. Las obras reeditadas son:<\/p>\n<p><a href=\"http:\/\/malpaisediciones.com\/sitio\/wp-content\/uploads\/2012\/07\/2sangreroja.jpg\"><img loading=\"lazy\" decoding=\"async\" src=\"http:\/\/malpaisediciones.com\/sitio\/wp-content\/uploads\/2012\/07\/2sangreroja.jpg\" alt=\"Sangre roja\" width=\"630\" height=\"630\" class=\"alignnone size-full wp-image-244\" srcset=\"http:\/\/malpaisediciones.com\/sitio\/wp-content\/uploads\/2012\/07\/2sangreroja.jpg 630w, http:\/\/malpaisediciones.com\/sitio\/wp-content\/uploads\/2012\/07\/2sangreroja-300x300.jpg 300w, http:\/\/malpaisediciones.com\/sitio\/wp-content\/uploads\/2012\/07\/2sangreroja-100x100.jpg 100w, http:\/\/malpaisediciones.com\/sitio\/wp-content\/uploads\/2012\/07\/2sangreroja-600x600.jpg 600w, http:\/\/malpaisediciones.com\/sitio\/wp-content\/uploads\/2012\/07\/2sangreroja-150x150.jpg 150w\" sizes=\"auto, (max-width: 630px) 85vw, 630px\" \/><\/a><br \/>\n<a href=\"http:\/\/malpaisediciones.com\/sitio\/portfolio\/sangre-roja-versos-libertarios-carlos-gutierrez-cruz\/\"><em>Sangre Roja: Versos libertarios<\/em><\/a> de Carlos Guti\u00e9rrez Cruz (1897-1930)<\/p>\n<p><a href=\"http:\/\/malpaisediciones.com\/sitio\/wp-content\/uploads\/2012\/07\/2poemanuevo.jpg\"><img loading=\"lazy\" decoding=\"async\" src=\"http:\/\/malpaisediciones.com\/sitio\/wp-content\/uploads\/2012\/07\/2poemanuevo.jpg\" alt=\"Poema nuevo\" width=\"630\" height=\"630\" class=\"alignnone size-full wp-image-248\" srcset=\"http:\/\/malpaisediciones.com\/sitio\/wp-content\/uploads\/2012\/07\/2poemanuevo.jpg 630w, http:\/\/malpaisediciones.com\/sitio\/wp-content\/uploads\/2012\/07\/2poemanuevo-300x300.jpg 300w, http:\/\/malpaisediciones.com\/sitio\/wp-content\/uploads\/2012\/07\/2poemanuevo-100x100.jpg 100w, http:\/\/malpaisediciones.com\/sitio\/wp-content\/uploads\/2012\/07\/2poemanuevo-600x600.jpg 600w, http:\/\/malpaisediciones.com\/sitio\/wp-content\/uploads\/2012\/07\/2poemanuevo-150x150.jpg 150w\" sizes=\"auto, (max-width: 630px) 85vw, 630px\" \/><\/a><br \/>\n<a href=\"http:\/\/malpaisediciones.com\/sitio\/portfolio\/poema-nuevo-alfredo-cardona-pena\/\"><em>Poema nuevo<\/em><\/a> de Alfredo Cardona Pe\u00f1a (1917-1995)<\/p>\n<p><a href=\"http:\/\/malpaisediciones.com\/sitio\/wp-content\/uploads\/2012\/07\/2danzantes.jpg\"><img loading=\"lazy\" decoding=\"async\" src=\"http:\/\/malpaisediciones.com\/sitio\/wp-content\/uploads\/2012\/07\/2danzantes.jpg\" alt=\"Los danzantes\" width=\"630\" height=\"630\" class=\"alignnone size-full wp-image-246\" srcset=\"http:\/\/malpaisediciones.com\/sitio\/wp-content\/uploads\/2012\/07\/2danzantes.jpg 630w, http:\/\/malpaisediciones.com\/sitio\/wp-content\/uploads\/2012\/07\/2danzantes-300x300.jpg 300w, http:\/\/malpaisediciones.com\/sitio\/wp-content\/uploads\/2012\/07\/2danzantes-100x100.jpg 100w, http:\/\/malpaisediciones.com\/sitio\/wp-content\/uploads\/2012\/07\/2danzantes-600x600.jpg 600w, http:\/\/malpaisediciones.com\/sitio\/wp-content\/uploads\/2012\/07\/2danzantes-150x150.jpg 150w\" sizes=\"auto, (max-width: 630px) 85vw, 630px\" \/><\/a><br \/>\n<a href=\"http:\/\/malpaisediciones.com\/sitio\/portfolio\/patologia-del-ser-ramon-martinez-ocaranza\/\"><em>Los danzantes espacios estatuarios<\/em><\/a> de Ra\u00fal Gardu\u00f1o (1945-1980)<\/p>\n<p><a href=\"http:\/\/malpaisediciones.com\/sitio\/wp-content\/uploads\/2012\/07\/2radio.jpg\"><img loading=\"lazy\" decoding=\"async\" src=\"http:\/\/malpaisediciones.com\/sitio\/wp-content\/uploads\/2012\/07\/2radio.jpg\" alt=\"Radio\" width=\"630\" height=\"630\" class=\"alignnone size-full wp-image-240\" srcset=\"http:\/\/malpaisediciones.com\/sitio\/wp-content\/uploads\/2012\/07\/2radio.jpg 630w, http:\/\/malpaisediciones.com\/sitio\/wp-content\/uploads\/2012\/07\/2radio-300x300.jpg 300w, http:\/\/malpaisediciones.com\/sitio\/wp-content\/uploads\/2012\/07\/2radio-100x100.jpg 100w, http:\/\/malpaisediciones.com\/sitio\/wp-content\/uploads\/2012\/07\/2radio-600x600.jpg 600w, http:\/\/malpaisediciones.com\/sitio\/wp-content\/uploads\/2012\/07\/2radio-150x150.jpg 150w\" sizes=\"auto, (max-width: 630px) 85vw, 630px\" \/><\/a><br \/>\n<a href=\"http:\/\/malpaisediciones.com\/sitio\/portfolio\/radio-kyn-taniya\/\"><em>Radio: Poema inal\u00e1mbrico en trece mensajes<\/em><\/a> de Kyn Taniya (1900-1980)<\/p>\n<p><a href=\"http:\/\/malpaisediciones.com\/sitio\/wp-content\/uploads\/2012\/07\/2patologia.jpg\"><img loading=\"lazy\" decoding=\"async\" src=\"http:\/\/malpaisediciones.com\/sitio\/wp-content\/uploads\/2012\/07\/2patologia.jpg\" alt=\"Patologia del ser\" width=\"630\" height=\"630\" class=\"alignnone size-full wp-image-242\" srcset=\"http:\/\/malpaisediciones.com\/sitio\/wp-content\/uploads\/2012\/07\/2patologia.jpg 630w, http:\/\/malpaisediciones.com\/sitio\/wp-content\/uploads\/2012\/07\/2patologia-300x300.jpg 300w, http:\/\/malpaisediciones.com\/sitio\/wp-content\/uploads\/2012\/07\/2patologia-100x100.jpg 100w, http:\/\/malpaisediciones.com\/sitio\/wp-content\/uploads\/2012\/07\/2patologia-600x600.jpg 600w, http:\/\/malpaisediciones.com\/sitio\/wp-content\/uploads\/2012\/07\/2patologia-150x150.jpg 150w\" sizes=\"auto, (max-width: 630px) 85vw, 630px\" \/><\/a><br \/>\n<a href=\"http:\/\/malpaisediciones.com\/sitio\/portfolio\/los-danzantes-espacios-estatutarios-raul-garduno\/\"><em>Patolog\u00eda del ser<\/em><\/a> de Ram\u00f3n Mart\u00ednez Ocaranza (1915-1982)<\/p>\n<p><a href=\"http:\/\/malpaisediciones.com\/sitio\/wp-content\/uploads\/2012\/07\/2retorno.jpg\"><img loading=\"lazy\" decoding=\"async\" src=\"http:\/\/malpaisediciones.com\/sitio\/wp-content\/uploads\/2012\/07\/2retorno.jpg\" alt=\"El Retorno\" width=\"630\" height=\"630\" class=\"alignnone size-full wp-image-238\" srcset=\"http:\/\/malpaisediciones.com\/sitio\/wp-content\/uploads\/2012\/07\/2retorno.jpg 630w, http:\/\/malpaisediciones.com\/sitio\/wp-content\/uploads\/2012\/07\/2retorno-300x300.jpg 300w, http:\/\/malpaisediciones.com\/sitio\/wp-content\/uploads\/2012\/07\/2retorno-100x100.jpg 100w, http:\/\/malpaisediciones.com\/sitio\/wp-content\/uploads\/2012\/07\/2retorno-600x600.jpg 600w, http:\/\/malpaisediciones.com\/sitio\/wp-content\/uploads\/2012\/07\/2retorno-150x150.jpg 150w\" sizes=\"auto, (max-width: 630px) 85vw, 630px\" \/><\/a><br \/>\n<a href=\"http:\/\/malpaisediciones.com\/sitio\/portfolio\/el-retorno-y-otros-poemas-miguel-guardia\/\"><em>El retorno y otros poemas<\/em><\/a> de Miguel Guardia (1924-1982)<\/p>\n<p><a href=\"http:\/\/malpaisediciones.com\/sitio\/wp-content\/uploads\/2012\/07\/2oracion.jpg\"><img loading=\"lazy\" decoding=\"async\" src=\"http:\/\/malpaisediciones.com\/sitio\/wp-content\/uploads\/2012\/07\/2oracion.jpg\" alt=\"Oracion del ogro\" width=\"630\" height=\"630\" class=\"alignnone size-full wp-image-236\" srcset=\"http:\/\/malpaisediciones.com\/sitio\/wp-content\/uploads\/2012\/07\/2oracion.jpg 630w, http:\/\/malpaisediciones.com\/sitio\/wp-content\/uploads\/2012\/07\/2oracion-300x300.jpg 300w, http:\/\/malpaisediciones.com\/sitio\/wp-content\/uploads\/2012\/07\/2oracion-100x100.jpg 100w, http:\/\/malpaisediciones.com\/sitio\/wp-content\/uploads\/2012\/07\/2oracion-600x600.jpg 600w, http:\/\/malpaisediciones.com\/sitio\/wp-content\/uploads\/2012\/07\/2oracion-150x150.jpg 150w\" sizes=\"auto, (max-width: 630px) 85vw, 630px\" \/><\/a><br \/>\n<a href=\"http:\/\/malpaisediciones.com\/sitio\/portfolio\/la-oracion-del-ogro-jaime-reyes\/\"><em>La oraci\u00f3n del ogro<\/em><\/a> de Jaime Reyes (1947-1999)<\/p>\n<p><a href=\"http:\/\/malpaisediciones.com\/sitio\/wp-content\/uploads\/2012\/07\/2poemural.jpg\"><img loading=\"lazy\" decoding=\"async\" src=\"http:\/\/malpaisediciones.com\/sitio\/wp-content\/uploads\/2012\/07\/2poemural.jpg\" alt=\"Morada del Colibri\" width=\"630\" height=\"630\" class=\"alignnone size-full wp-image-250\" srcset=\"http:\/\/malpaisediciones.com\/sitio\/wp-content\/uploads\/2012\/07\/2poemural.jpg 630w, http:\/\/malpaisediciones.com\/sitio\/wp-content\/uploads\/2012\/07\/2poemural-300x300.jpg 300w, http:\/\/malpaisediciones.com\/sitio\/wp-content\/uploads\/2012\/07\/2poemural-100x100.jpg 100w, http:\/\/malpaisediciones.com\/sitio\/wp-content\/uploads\/2012\/07\/2poemural-600x600.jpg 600w, http:\/\/malpaisediciones.com\/sitio\/wp-content\/uploads\/2012\/07\/2poemural-150x150.jpg 150w\" sizes=\"auto, (max-width: 630px) 85vw, 630px\" \/><\/a><br \/>\n<a href=\"http:\/\/malpaisediciones.com\/sitio\/portfolio\/morada-del-colibri-roberto-lopez-moreno\/\"><em>Morada del colibr\u00ed. Poemurales<\/em><\/a> de Roberto L\u00f3pez Moreno (1942)    <\/p>\n<p><a href=\"http:\/\/malpaisediciones.com\/sitio\/wp-content\/uploads\/2012\/07\/2maquinaciones1.jpg\"><img loading=\"lazy\" decoding=\"async\" src=\"http:\/\/malpaisediciones.com\/sitio\/wp-content\/uploads\/2012\/07\/2maquinaciones1.jpg\" alt=\"Maquinaciones\" width=\"630\" height=\"630\" class=\"alignnone size-full wp-image-252\" srcset=\"http:\/\/malpaisediciones.com\/sitio\/wp-content\/uploads\/2012\/07\/2maquinaciones1.jpg 630w, http:\/\/malpaisediciones.com\/sitio\/wp-content\/uploads\/2012\/07\/2maquinaciones1-300x300.jpg 300w, http:\/\/malpaisediciones.com\/sitio\/wp-content\/uploads\/2012\/07\/2maquinaciones1-100x100.jpg 100w, http:\/\/malpaisediciones.com\/sitio\/wp-content\/uploads\/2012\/07\/2maquinaciones1-600x600.jpg 600w, http:\/\/malpaisediciones.com\/sitio\/wp-content\/uploads\/2012\/07\/2maquinaciones1-150x150.jpg 150w\" sizes=\"auto, (max-width: 630px) 85vw, 630px\" \/><\/a><br \/>\n<a href=\"http:\/\/malpaisediciones.com\/sitio\/portfolio\/maquinaciones-carlos-isla\/\"><em>Maquinaciones<\/em><\/a> de Carlos Isla (1945-1986)<\/p>\n<p><a href=\"http:\/\/malpaisediciones.com\/sitio\/wp-content\/uploads\/2012\/07\/2hikuri3.jpg\"><img loading=\"lazy\" decoding=\"async\" src=\"http:\/\/malpaisediciones.com\/sitio\/wp-content\/uploads\/2012\/07\/2hikuri3.jpg\" alt=\"Hikuri\" width=\"630\" height=\"630\" class=\"alignnone size-full wp-image-233\" srcset=\"http:\/\/malpaisediciones.com\/sitio\/wp-content\/uploads\/2012\/07\/2hikuri3.jpg 630w, http:\/\/malpaisediciones.com\/sitio\/wp-content\/uploads\/2012\/07\/2hikuri3-300x300.jpg 300w, http:\/\/malpaisediciones.com\/sitio\/wp-content\/uploads\/2012\/07\/2hikuri3-100x100.jpg 100w, http:\/\/malpaisediciones.com\/sitio\/wp-content\/uploads\/2012\/07\/2hikuri3-600x600.jpg 600w, http:\/\/malpaisediciones.com\/sitio\/wp-content\/uploads\/2012\/07\/2hikuri3-150x150.jpg 150w\" sizes=\"auto, (max-width: 630px) 85vw, 630px\" \/><\/a><br \/>\n<a href=\"http:\/\/malpaisediciones.com\/sitio\/portfolio\/hikuri-jose-vicente-anaya\/\"><em>H\u00edkuri<\/em><\/a> de Jos\u00e9 Vicente Anaya (1947)<\/p>\n<p>&#8211; \u2013 &#8211; \u2013 &#8211; \u2013 &#8211; \u2013 &#8211; \u2013 &#8211; \u2013 &#8211; \u2013 &#8211; \u2013 &#8211; \u2013 &#8211; \u2013 &#8211; \u2013 &#8211; \u2013 &#8211; \u2013 &#8211; \u2013 &#8211; \u2013 &#8211; \u2013 &#8211; \u2013 &#8211; \u2013 &#8211; &#8211;<\/p>\n","protected":false},"excerpt":{"rendered":"<p>Conformada por 10 t\u00edtulos, esta colecci\u00f3n rescata las obras m\u00e1s contundentes de diez poetas que realizaron su labor art\u00edstica durante el siglo XX, que han emergido como propuestas po\u00e9ticas de culto, de gran influencia y relevancia para diversas generaciones de escritores. De esta forma se reeditaron libros que han enriquecido la tradici\u00f3n mexicana desde el&#8230;<\/p>\n","protected":false},"author":1,"featured_media":0,"parent":3312,"menu_order":0,"comment_status":"closed","ping_status":"closed","template":"","meta":{"_acf_changed":false,"footnotes":""},"class_list":["post-291","page","type-page","status-publish","hentry"],"acf":[],"_links":{"self":[{"href":"http:\/\/malpaisediciones.com\/sitio\/wp-json\/wp\/v2\/pages\/291","targetHints":{"allow":["GET"]}}],"collection":[{"href":"http:\/\/malpaisediciones.com\/sitio\/wp-json\/wp\/v2\/pages"}],"about":[{"href":"http:\/\/malpaisediciones.com\/sitio\/wp-json\/wp\/v2\/types\/page"}],"author":[{"embeddable":true,"href":"http:\/\/malpaisediciones.com\/sitio\/wp-json\/wp\/v2\/users\/1"}],"replies":[{"embeddable":true,"href":"http:\/\/malpaisediciones.com\/sitio\/wp-json\/wp\/v2\/comments?post=291"}],"version-history":[{"count":6,"href":"http:\/\/malpaisediciones.com\/sitio\/wp-json\/wp\/v2\/pages\/291\/revisions"}],"predecessor-version":[{"id":3463,"href":"http:\/\/malpaisediciones.com\/sitio\/wp-json\/wp\/v2\/pages\/291\/revisions\/3463"}],"up":[{"embeddable":true,"href":"http:\/\/malpaisediciones.com\/sitio\/wp-json\/wp\/v2\/pages\/3312"}],"wp:attachment":[{"href":"http:\/\/malpaisediciones.com\/sitio\/wp-json\/wp\/v2\/media?parent=291"}],"curies":[{"name":"wp","href":"https:\/\/api.w.org\/{rel}","templated":true}]}}