{"id":306,"date":"2015-09-03T03:16:16","date_gmt":"2015-09-03T03:16:16","guid":{"rendered":"http:\/\/malpaisediciones.com\/sitio\/?page_id=306"},"modified":"2026-03-07T14:35:24","modified_gmt":"2026-03-07T20:35:24","slug":"donde-comprar","status":"publish","type":"page","link":"http:\/\/malpaisediciones.com\/sitio\/blog-creative-type-1\/donde-comprar\/","title":{"rendered":"Donde comprar"},"content":{"rendered":"<p><strong>Librer\u00edas<\/strong><\/p>\n<p><strong>CDMX<\/strong><\/p>\n<p><a href=\"https:\/\/www.instagram.com\/librerialamoraleja\">La Moraleja<\/a><\/p>\n<p><a href=\"https:\/\/twitter.com\/libreriarius?lang=es\">Librer\u00eda Rius<\/a><\/p>\n<p><a href=\"https:\/\/www.facebook.com\/exitlalibreria\/\">Exit<\/a><\/p>\n<p><a href=\"https:\/\/www.libreriacasatomada.net\/home\">Casa Tomada<\/a><\/p>\n<p><a href=\"https:\/\/twitter.com\/Cafeleeria\">Cafeeler\u00eda<\/a><\/p>\n<p><a href=\"https:\/\/www.facebook.com\/libreriajorgecuesta\/\">Librer\u00eda Jorge Cuesta<\/a><\/p>\n<p><a href=\"https:\/\/twitter.com\/LibreMurcielaga\">La Murci\u00e9laga<\/a><\/p>\n<p><a href=\"https:\/\/www.facebook.com\/libreriaurbe\/\">Librer\u00eda Urbe<\/a><\/p>\n<p><a href=\"https:\/\/twitter.com\/DesastreLibros\">El Desastre<\/a><\/p>\n<p><a href=\"https:\/\/www.instagram.com\/marabuntacafe\/\">Marabunta<\/a><\/p>\n<p><a href=\"https:\/\/www.instagram.com\/polillalibreria\/?hl=es\">La polilla<\/a><\/p>\n<p>&#8211; \u2013 &#8211; \u2013 &#8211; \u2013 &#8211; \u2013 &#8211; \u2013 &#8211; \u2013 &#8211; \u2013 &#8211; \u2013 &#8211; \u2013 &#8211; \u2013 &#8211; \u2013 &#8211; \u2013 &#8211; \u2013 &#8211; \u2013 &#8211; \u2013 &#8211; \u2013 &#8211; \u2013 &#8211; \u2013 &#8211; &#8211;<\/p>\n<p><strong>Veracruz<\/strong><\/p>\n<p><a href=\"https:\/\/www.instagram.com\/hyperionlibreria\/\">Hyperion<\/a><\/p>\n<p>&#8211; \u2013 &#8211; \u2013 &#8211; \u2013 &#8211; \u2013 &#8211; \u2013 &#8211; \u2013 &#8211; \u2013 &#8211; \u2013 &#8211; \u2013 &#8211; \u2013 &#8211; \u2013 &#8211; \u2013 &#8211; \u2013 &#8211; \u2013 &#8211; \u2013 &#8211; \u2013 &#8211; \u2013 &#8211; \u2013 &#8211; &#8211;<\/p>\n<p><strong>Quintana Roo<\/strong><\/p>\n<p><a href=\"https:\/\/www.instagram.com\/cometierramx\/\">La Cometierra<\/a><\/p>\n<p>&#8211; \u2013 &#8211; \u2013 &#8211; \u2013 &#8211; \u2013 &#8211; \u2013 &#8211; \u2013 &#8211; \u2013 &#8211; \u2013 &#8211; \u2013 &#8211; \u2013 &#8211; \u2013 &#8211; \u2013 &#8211; \u2013 &#8211; \u2013 &#8211; \u2013 &#8211; \u2013 &#8211; \u2013 &#8211; \u2013 &#8211; &#8211;<\/p>\n<p><strong>Quer\u00e9taro<\/strong><\/p>\n<p><a href=\"https:\/\/www.facebook.com\/cafebreriapessoa\/\">Librer\u00eda Pessoa<\/a><\/p>\n<p>&#8211; \u2013 &#8211; \u2013 &#8211; \u2013 &#8211; \u2013 &#8211; \u2013 &#8211; \u2013 &#8211; \u2013 &#8211; \u2013 &#8211; \u2013 &#8211; \u2013 &#8211; \u2013 &#8211; \u2013 &#8211; \u2013 &#8211; \u2013 &#8211; \u2013 &#8211; \u2013 &#8211; \u2013 &#8211; \u2013 &#8211; &#8211;<\/p>\n<p><strong>Chiapas<\/strong><\/p>\n<p><a href=\"https:\/\/www.instagram.com\/librerialalilu\/\">Lalilu<\/a><\/p>\n<p><a href=\"https:\/\/www.instagram.com\/librerialacosecha\/\">La Cosecha<\/a><\/p>\n<p>&#8211; \u2013 &#8211; \u2013 &#8211; \u2013 &#8211; \u2013 &#8211; \u2013 &#8211; \u2013 &#8211; \u2013 &#8211; \u2013 &#8211; \u2013 &#8211; \u2013 &#8211; \u2013 &#8211; \u2013 &#8211; \u2013 &#8211; \u2013 &#8211; \u2013 &#8211; \u2013 &#8211; \u2013 &#8211; \u2013 &#8211; &#8211;<\/p>\n<p><strong>Aguascalientes<\/strong><\/p>\n<p><a href=\"https:\/\/www.facebook.com\/librescritores\/\">La Librer\u00eda de los Escritores<\/a><\/p>\n<p>&#8211; \u2013 &#8211; \u2013 &#8211; \u2013 &#8211; \u2013 &#8211; \u2013 &#8211; \u2013 &#8211; \u2013 &#8211; \u2013 &#8211; \u2013 &#8211; \u2013 &#8211; \u2013 &#8211; \u2013 &#8211; \u2013 &#8211; \u2013 &#8211; \u2013 &#8211; \u2013 &#8211; \u2013 &#8211; \u2013 &#8211; &#8211;<\/p>\n<p><strong>Michoac\u00e1n<\/strong><\/p>\n<p><a href=\"https:\/\/www.instagram.com\/traspatiolibreriamorelia\/\">Librer\u00eda Traspatio<\/a><\/p>\n<p>&#8211; \u2013 &#8211; \u2013 &#8211; \u2013 &#8211; \u2013 &#8211; \u2013 &#8211; \u2013 &#8211; \u2013 &#8211; \u2013 &#8211; \u2013 &#8211; \u2013 &#8211; \u2013 &#8211; \u2013 &#8211; \u2013 &#8211; \u2013 &#8211; \u2013 &#8211; \u2013 &#8211; \u2013 &#8211; \u2013 &#8211; &#8211;<\/p>\n<p><strong>Guadalajara<\/strong><\/p>\n<p><a href=\"https:\/\/twitter.com\/casaimpronta\">Impronta<\/a><\/p>\n<p>&#8211; \u2013 &#8211; \u2013 &#8211; \u2013 &#8211; \u2013 &#8211; \u2013 &#8211; \u2013 &#8211; \u2013 &#8211; \u2013 &#8211; \u2013 &#8211; \u2013 &#8211; \u2013 &#8211; \u2013 &#8211; \u2013 &#8211; \u2013 &#8211; \u2013 &#8211; \u2013 &#8211; \u2013 &#8211; \u2013 &#8211; &#8211;<\/p>\n<p><strong>Puebla<\/strong><\/p>\n<p><a href=\"http:\/\/www.profetica.com.mx\/\">Prof\u00e9tica<\/a><\/p>\n<p>&#8211; \u2013 &#8211; \u2013 &#8211; \u2013 &#8211; \u2013 &#8211; \u2013 &#8211; \u2013 &#8211; \u2013 &#8211; \u2013 &#8211; \u2013 &#8211; \u2013 &#8211; \u2013 &#8211; \u2013 &#8211; \u2013 &#8211; \u2013 &#8211; \u2013 &#8211; \u2013 &#8211; \u2013 &#8211; \u2013 &#8211; &#8211;<\/p>\n","protected":false},"excerpt":{"rendered":"<p>Librer\u00edas CDMX La Moraleja Librer\u00eda Rius Exit Casa Tomada Cafeeler\u00eda Librer\u00eda Jorge Cuesta La Murci\u00e9laga Librer\u00eda Urbe El Desastre Marabunta La polilla &#8211; \u2013 &#8211; \u2013 &#8211; \u2013 &#8211; \u2013 &#8211; \u2013 &#8211; \u2013 &#8211; \u2013 &#8211; \u2013 &#8211; \u2013 &#8211; \u2013 &#8211; \u2013 &#8211; \u2013 &#8211; \u2013 &#8211; \u2013 &#8211; \u2013 &#8211; \u2013 &#8211;&#8230;<\/p>\n","protected":false},"author":1,"featured_media":0,"parent":3312,"menu_order":0,"comment_status":"closed","ping_status":"closed","template":"","meta":{"_acf_changed":false,"footnotes":""},"class_list":["post-306","page","type-page","status-publish","hentry"],"acf":[],"_links":{"self":[{"href":"http:\/\/malpaisediciones.com\/sitio\/wp-json\/wp\/v2\/pages\/306","targetHints":{"allow":["GET"]}}],"collection":[{"href":"http:\/\/malpaisediciones.com\/sitio\/wp-json\/wp\/v2\/pages"}],"about":[{"href":"http:\/\/malpaisediciones.com\/sitio\/wp-json\/wp\/v2\/types\/page"}],"author":[{"embeddable":true,"href":"http:\/\/malpaisediciones.com\/sitio\/wp-json\/wp\/v2\/users\/1"}],"replies":[{"embeddable":true,"href":"http:\/\/malpaisediciones.com\/sitio\/wp-json\/wp\/v2\/comments?post=306"}],"version-history":[{"count":28,"href":"http:\/\/malpaisediciones.com\/sitio\/wp-json\/wp\/v2\/pages\/306\/revisions"}],"predecessor-version":[{"id":4355,"href":"http:\/\/malpaisediciones.com\/sitio\/wp-json\/wp\/v2\/pages\/306\/revisions\/4355"}],"up":[{"embeddable":true,"href":"http:\/\/malpaisediciones.com\/sitio\/wp-json\/wp\/v2\/pages\/3312"}],"wp:attachment":[{"href":"http:\/\/malpaisediciones.com\/sitio\/wp-json\/wp\/v2\/media?parent=306"}],"curies":[{"name":"wp","href":"https:\/\/api.w.org\/{rel}","templated":true}]}}