{"id":33,"date":"2012-08-17T04:31:33","date_gmt":"2012-08-17T04:31:33","guid":{"rendered":"http:\/\/malpaisediciones.com\/sitio\/?page_id=33"},"modified":"2020-08-21T19:25:01","modified_gmt":"2020-08-21T19:25:01","slug":"colectivo","status":"publish","type":"page","link":"http:\/\/malpaisediciones.com\/sitio\/blog-creative-type-1\/colectivo\/","title":{"rendered":"Colectivo"},"content":{"rendered":"<p><a href=\"http:\/\/malpaisediciones.com\/sitio\/wp-content\/uploads\/2012\/08\/gabrielaastorga1.jpg\"><img loading=\"lazy\" decoding=\"async\" src=\"http:\/\/malpaisediciones.com\/sitio\/wp-content\/uploads\/2012\/08\/gabrielaastorga1.jpg\" alt=\"\" title=\"Gabriela Astorga\" width=\"380\" height=\"380\" class=\"alignnone size-full wp-image-76\" srcset=\"http:\/\/malpaisediciones.com\/sitio\/wp-content\/uploads\/2012\/08\/gabrielaastorga1.jpg 380w, http:\/\/malpaisediciones.com\/sitio\/wp-content\/uploads\/2012\/08\/gabrielaastorga1-300x300.jpg 300w, http:\/\/malpaisediciones.com\/sitio\/wp-content\/uploads\/2012\/08\/gabrielaastorga1-100x100.jpg 100w, http:\/\/malpaisediciones.com\/sitio\/wp-content\/uploads\/2012\/08\/gabrielaastorga1-150x150.jpg 150w\" sizes=\"auto, (max-width: 380px) 85vw, 380px\" \/><\/a><\/p>\n<p><strong>Gabriela Astorga P\u00e9rez (Ciudad de M\u00e9xico, 1983)<\/strong><br \/>\nEnsayista y cr\u00edtica literaria. Licenciada en Lengua y literaturas hisp\u00e1nicas y egresada de la Maestr\u00eda en Letras Latinoamericanas por la UNAM. Fue editora del blog de cr\u00edtica <em><a href=\"http:\/\/leernotaalpie.blogspot.mx\/\">Nota al pie<\/a><\/em> y de la revista de literatura y artes pl\u00e1sticas <em><a href=\"http:\/\/vientoenvela.blogspot.mx\/\">Viento en vela<\/a><\/em>. Es miembro del comit\u00e9 organizador del <em><a href=\"http:\/\/vertigodelosaires.blogspot.mx\/\">V\u00e9rtigo de los aires<\/a>. Encuentro iberoamericano de poetas en el Centro Hist\u00f3rico<\/em>. Ha publicado en las revistas <em>Literal<\/em>, <em>Revista de literatura mexicana<\/em> y estuvo a cargo de la secci\u00f3n de literatura de <em>Alfabeto escolar<\/em>, suplemento infantil del diario argentino <em>UNO<\/em>.<\/p>\n<p><a href=\"http:\/\/malpaisediciones.com\/sitio\/wp-content\/uploads\/2012\/08\/ivancruz.jpg\"><img loading=\"lazy\" decoding=\"async\" src=\"http:\/\/malpaisediciones.com\/sitio\/wp-content\/uploads\/2012\/08\/ivancruz.jpg\" alt=\"\" title=\"Ivan Cruz\" width=\"380\" height=\"379\" class=\"alignnone size-full wp-image-77\" srcset=\"http:\/\/malpaisediciones.com\/sitio\/wp-content\/uploads\/2012\/08\/ivancruz.jpg 380w, http:\/\/malpaisediciones.com\/sitio\/wp-content\/uploads\/2012\/08\/ivancruz-300x300.jpg 300w, http:\/\/malpaisediciones.com\/sitio\/wp-content\/uploads\/2012\/08\/ivancruz-100x100.jpg 100w, http:\/\/malpaisediciones.com\/sitio\/wp-content\/uploads\/2012\/08\/ivancruz-150x150.jpg 150w\" sizes=\"auto, (max-width: 380px) 85vw, 380px\" \/><\/a><\/p>\n<p><strong>Iv\u00e1n Cruz Osorio (Tlaxiaco, Oaxaca, M\u00e9xico, 1980)<\/strong><br \/>\nPoeta, ensayista y traductor. Finaliz\u00f3 la carrera de Lengua y Literaturas Modernas Inglesas en la Facultad de Filosof\u00eda y Letras de la UNAM. Fue miembro del consejo editorial de la revista de literatura y gr\u00e1fica <em><a href=\"http:\/\/vientoenvela.blogspot.mx\/\">Viento en vela<\/a><\/em> y codirector y editor de Malpa\u00eds ediciones. Es fundador y co-organizador de <em><a href=\"http:\/\/vertigodelosaires.blogspot.mx\/\">V\u00e9rtigo de los aires<\/a>. Encuentro Iberoamericano de Poetas<\/em>. Es autor de los poemarios <em>Tiempo de Guernica<\/em> (Editorial Praxis, 2005) y Contracanto (Malpa\u00eds, 2010). Poemas suyos aparecen en diversas antolog\u00edas como <em>Los mejores poemas mexicanos<\/em>. Ediciones 2005 y 2006 (Joaqu\u00edn Mortiz \/ FLM, 2005, 2006); <em>Anuario de poes\u00eda mexicana<\/em> 2005 y 2006 (FCE, 2006, 2007); <em>La luz que va dando nombre [1965-1985]. Veinte a\u00f1os de la poes\u00eda \u00faltima en M\u00e9xico<\/em> (Secretar\u00eda de Cultura del Estado de Puebla, 2007); <em>El oro ensortijado. Poes\u00eda viva de M\u00e9xico<\/em> (Ediciones E\u00f3n \/ Secretar\u00eda de Cultura de Puebla, 2009); <em>20 a\u00f1os de poes\u00eda. J\u00f3venes Creadores del FONCA<\/em> (Conaculta, 2010); <em>Cajita de m\u00fasica. Poetas de Espa\u00f1a y Am\u00e9rica del siglo XXI<\/em> (AEP, Madrid, Espa\u00f1a, 2011); y <em>Vientos del siglo. Poetas mexicanos 1950-1982<\/em> (UNAM \/ UANL, col. Poemas y ensayos, 2012). Fue becario del programa J\u00f3venes Creadores del Fondo Nacional para la Cultura y las Artes durante el periodo 2009-2010, en el \u00e1rea de poes\u00eda.  <\/p>\n<p><a href=\"http:\/\/malpaisediciones.com\/sitio\/wp-content\/uploads\/2012\/08\/benjaminmorales.jpg\"><img loading=\"lazy\" decoding=\"async\" src=\"http:\/\/malpaisediciones.com\/sitio\/wp-content\/uploads\/2012\/08\/benjaminmorales.jpg\" alt=\"\" title=\"Benjamin Morales\" width=\"380\" height=\"379\" class=\"alignnone size-full wp-image-75\" srcset=\"http:\/\/malpaisediciones.com\/sitio\/wp-content\/uploads\/2012\/08\/benjaminmorales.jpg 380w, http:\/\/malpaisediciones.com\/sitio\/wp-content\/uploads\/2012\/08\/benjaminmorales-300x300.jpg 300w, http:\/\/malpaisediciones.com\/sitio\/wp-content\/uploads\/2012\/08\/benjaminmorales-100x100.jpg 100w, http:\/\/malpaisediciones.com\/sitio\/wp-content\/uploads\/2012\/08\/benjaminmorales-150x150.jpg 150w\" sizes=\"auto, (max-width: 380px) 85vw, 380px\" \/><\/a><\/p>\n<p><strong>Benjam\u00edn Morales (Ciudad de M\u00e9xico, 1984)<\/strong><br \/>\nPoeta, narrador y editor. Licenciado en Lengua y literaturas hisp\u00e1nicas, por la UNAM. En 2004 obtuvo una menci\u00f3n honor\u00edfica en el Premio Internacional de cuento Max Aub. Ha publicado el poemario <em>.U.S.S.A.<\/em> (Malpa\u00eds ediciones, 2009). Es miembro del comit\u00e9 organizador del <em><a href=\"http:\/\/vertigodelosaires.blogspot.mx\/\">V\u00e9rtigo de los aires<\/a>. Encuentro Iberoamericano de Poetas en el Centro Hist\u00f3rico<\/em>. Fue director de la revista de literatura y artes pl\u00e1sticas <em><a href=\"http:\/\/vientoenvela.blogspot.mx\/\">Viento en vela<\/a><\/em>. <\/p>\n<p><a href=\"http:\/\/malpaisediciones.com\/sitio\/wp-content\/uploads\/2012\/08\/santiagosolis.jpg\"><img loading=\"lazy\" decoding=\"async\" src=\"http:\/\/malpaisediciones.com\/sitio\/wp-content\/uploads\/2012\/08\/santiagosolis.jpg\" alt=\"\" title=\"Santiago Solis\" width=\"380\" height=\"379\" class=\"alignnone size-full wp-image-79\" srcset=\"http:\/\/malpaisediciones.com\/sitio\/wp-content\/uploads\/2012\/08\/santiagosolis.jpg 380w, http:\/\/malpaisediciones.com\/sitio\/wp-content\/uploads\/2012\/08\/santiagosolis-300x300.jpg 300w, http:\/\/malpaisediciones.com\/sitio\/wp-content\/uploads\/2012\/08\/santiagosolis-100x100.jpg 100w, http:\/\/malpaisediciones.com\/sitio\/wp-content\/uploads\/2012\/08\/santiagosolis-150x150.jpg 150w\" sizes=\"auto, (max-width: 380px) 85vw, 380px\" \/><\/a><\/p>\n<p><strong>Santiago Sol\u00eds Montes de Oca (Ciudad de M\u00e9xico, 1982)<\/strong><br \/>\nLicenciado en dise\u00f1o gr\u00e1fico. Curs\u00f3 la especialidad en dise\u00f1o editorial por la Escuela de Dise\u00f1o del Instituto Nacional de Bellas Artes. Director de arte en el estudio de dise\u00f1o <a href=\"http:\/\/www.manodepapel.com\">Mano de Papel<\/a>. Coordina y edita libros en su sello <em>Libros de Mano<\/em>, y publica con Abril Castillo, la colecci\u00f3n de libros de dibujo \u00abLos indelebles\u00bb. Coordinador del diplomado Casa Ilustraci\u00f3n: Narrativa de las im\u00e1genes en la FAD-UNAM. Se ha publicado su trabajo en Finlandia, Cuba, Corea del Sur, B\u00e9lgica, Espa\u00f1a, Ucrania, Colombia, Argentina, Chile, Rusia, Alemania, Emiratos \u00c1rabes, Italia, Polonia, Bolivia y M\u00e9xico. <\/p>\n<p><strong>Fundadores:<\/strong> Gabriela Astorga, Iv\u00e1n Cruz Osorio, Benjam\u00edn Morales, Santiago Robles Bonfil, Santiago Sol\u00eds.<\/p>\n<p>&#8211; \u2013 &#8211; \u2013 &#8211; \u2013 &#8211; \u2013 &#8211; \u2013 &#8211; \u2013 &#8211; \u2013 &#8211; \u2013 &#8211; \u2013 &#8211; \u2013 &#8211; \u2013 &#8211; \u2013 &#8211; \u2013 &#8211; \u2013 &#8211; \u2013 &#8211; \u2013 &#8211; \u2013 &#8211; \u2013 &#8211; &#8211;<\/p>\n","protected":false},"excerpt":{"rendered":"<p>Gabriela Astorga P\u00e9rez (Ciudad de M\u00e9xico, 1983) Ensayista y cr\u00edtica literaria. Licenciada en Lengua y literaturas hisp\u00e1nicas y egresada de la Maestr\u00eda en Letras Latinoamericanas por la UNAM. Fue editora del blog de cr\u00edtica Nota al pie y de la revista de literatura y artes pl\u00e1sticas Viento en vela. Es miembro del comit\u00e9 organizador del&#8230;<\/p>\n","protected":false},"author":1,"featured_media":0,"parent":3312,"menu_order":0,"comment_status":"closed","ping_status":"closed","template":"","meta":{"_acf_changed":false,"footnotes":""},"class_list":["post-33","page","type-page","status-publish","hentry"],"acf":[],"_links":{"self":[{"href":"http:\/\/malpaisediciones.com\/sitio\/wp-json\/wp\/v2\/pages\/33","targetHints":{"allow":["GET"]}}],"collection":[{"href":"http:\/\/malpaisediciones.com\/sitio\/wp-json\/wp\/v2\/pages"}],"about":[{"href":"http:\/\/malpaisediciones.com\/sitio\/wp-json\/wp\/v2\/types\/page"}],"author":[{"embeddable":true,"href":"http:\/\/malpaisediciones.com\/sitio\/wp-json\/wp\/v2\/users\/1"}],"replies":[{"embeddable":true,"href":"http:\/\/malpaisediciones.com\/sitio\/wp-json\/wp\/v2\/comments?post=33"}],"version-history":[{"count":23,"href":"http:\/\/malpaisediciones.com\/sitio\/wp-json\/wp\/v2\/pages\/33\/revisions"}],"predecessor-version":[{"id":3466,"href":"http:\/\/malpaisediciones.com\/sitio\/wp-json\/wp\/v2\/pages\/33\/revisions\/3466"}],"up":[{"embeddable":true,"href":"http:\/\/malpaisediciones.com\/sitio\/wp-json\/wp\/v2\/pages\/3312"}],"wp:attachment":[{"href":"http:\/\/malpaisediciones.com\/sitio\/wp-json\/wp\/v2\/media?parent=33"}],"curies":[{"name":"wp","href":"https:\/\/api.w.org\/{rel}","templated":true}]}}