{"id":3860,"date":"2022-09-13T01:31:58","date_gmt":"2022-09-13T01:31:58","guid":{"rendered":"http:\/\/malpaisediciones.com\/sitio\/?page_id=3860"},"modified":"2022-09-13T02:42:27","modified_gmt":"2022-09-13T02:42:27","slug":"servicios-editoriales","status":"publish","type":"page","link":"http:\/\/malpaisediciones.com\/sitio\/servicios-editoriales\/","title":{"rendered":"Servicios Editoriales"},"content":{"rendered":"<p><img loading=\"lazy\" decoding=\"async\" src=\"http:\/\/malpaisediciones.com\/sitio\/wp-content\/uploads\/2022\/09\/logo-gray.png\" alt=\"\" width=\"630\" height=\"630\" class=\"alignnone size-full wp-image-3864\" srcset=\"http:\/\/malpaisediciones.com\/sitio\/wp-content\/uploads\/2022\/09\/logo-gray.png 630w, http:\/\/malpaisediciones.com\/sitio\/wp-content\/uploads\/2022\/09\/logo-gray-300x300.png 300w, http:\/\/malpaisediciones.com\/sitio\/wp-content\/uploads\/2022\/09\/logo-gray-100x100.png 100w, http:\/\/malpaisediciones.com\/sitio\/wp-content\/uploads\/2022\/09\/logo-gray-600x600.png 600w, http:\/\/malpaisediciones.com\/sitio\/wp-content\/uploads\/2022\/09\/logo-gray-150x150.png 150w\" sizes=\"auto, (max-width: 630px) 85vw, 630px\" \/><\/p>\n<p>Hola<\/p>\n<p><strong>Tabuladores<\/strong><\/p>\n<p>Edici\u00f3n:<\/p>\n<p>Correcci\u00f3n de estilo:<\/p>\n<p>Dise\u00f1o:<\/p>\n<p>\u2013 \u2013 \u2013 \u2013 \u2013 \u2013 \u2013 \u2013 \u2013 \u2013 \u2013 \u2013 \u2013 \u2013 \u2013 \u2013 \u2013 \u2013 \u2013 \u2013 \u2013 \u2013 \u2013 \u2013 \u2013 \u2013 \u2013 \u2013 \u2013 \u2013 \u2013 \u2013 \u2013 \u2013 \u2013 \u2013 \u2013 \u2013<\/p>\n","protected":false},"excerpt":{"rendered":"<p>Hola Tabuladores Edici\u00f3n: Correcci\u00f3n de estilo: Dise\u00f1o: \u2013 \u2013 \u2013 \u2013 \u2013 \u2013 \u2013 \u2013 \u2013 \u2013 \u2013 \u2013 \u2013 \u2013 \u2013 \u2013 \u2013 \u2013 \u2013 \u2013 \u2013 \u2013 \u2013 \u2013 \u2013 \u2013 \u2013 \u2013 \u2013 \u2013 \u2013 \u2013 \u2013 \u2013 \u2013 \u2013 \u2013 \u2013<\/p>\n","protected":false},"author":1,"featured_media":0,"parent":0,"menu_order":0,"comment_status":"closed","ping_status":"closed","template":"","meta":{"_acf_changed":false,"footnotes":""},"class_list":["post-3860","page","type-page","status-publish","hentry"],"acf":[],"_links":{"self":[{"href":"http:\/\/malpaisediciones.com\/sitio\/wp-json\/wp\/v2\/pages\/3860","targetHints":{"allow":["GET"]}}],"collection":[{"href":"http:\/\/malpaisediciones.com\/sitio\/wp-json\/wp\/v2\/pages"}],"about":[{"href":"http:\/\/malpaisediciones.com\/sitio\/wp-json\/wp\/v2\/types\/page"}],"author":[{"embeddable":true,"href":"http:\/\/malpaisediciones.com\/sitio\/wp-json\/wp\/v2\/users\/1"}],"replies":[{"embeddable":true,"href":"http:\/\/malpaisediciones.com\/sitio\/wp-json\/wp\/v2\/comments?post=3860"}],"version-history":[{"count":4,"href":"http:\/\/malpaisediciones.com\/sitio\/wp-json\/wp\/v2\/pages\/3860\/revisions"}],"predecessor-version":[{"id":3867,"href":"http:\/\/malpaisediciones.com\/sitio\/wp-json\/wp\/v2\/pages\/3860\/revisions\/3867"}],"wp:attachment":[{"href":"http:\/\/malpaisediciones.com\/sitio\/wp-json\/wp\/v2\/media?parent=3860"}],"curies":[{"name":"wp","href":"https:\/\/api.w.org\/{rel}","templated":true}]}}