{"id":602,"date":"2018-06-12T19:07:56","date_gmt":"2018-06-12T19:07:56","guid":{"rendered":"http:\/\/malpaisediciones.com\/sitio\/?page_id=602"},"modified":"2020-08-21T19:21:03","modified_gmt":"2020-08-21T19:21:03","slug":"coleccion","status":"publish","type":"page","link":"http:\/\/malpaisediciones.com\/sitio\/blog-creative-type-1\/coleccion\/","title":{"rendered":"Archivo Negro de la Poes\u00eda Mexicana (serie 2)"},"content":{"rendered":"<p><img loading=\"lazy\" decoding=\"async\" src=\"http:\/\/malpaisediciones.com\/sitio\/wp-content\/uploads\/2018\/10\/caja.jpg\" alt=\"\" width=\"630\" height=\"630\" class=\"alignnone size-full wp-image-648\" srcset=\"http:\/\/malpaisediciones.com\/sitio\/wp-content\/uploads\/2018\/10\/caja.jpg 630w, http:\/\/malpaisediciones.com\/sitio\/wp-content\/uploads\/2018\/10\/caja-300x300.jpg 300w, http:\/\/malpaisediciones.com\/sitio\/wp-content\/uploads\/2018\/10\/caja-100x100.jpg 100w, http:\/\/malpaisediciones.com\/sitio\/wp-content\/uploads\/2018\/10\/caja-600x600.jpg 600w, http:\/\/malpaisediciones.com\/sitio\/wp-content\/uploads\/2018\/10\/caja-150x150.jpg 150w\" sizes=\"auto, (max-width: 630px) 85vw, 630px\" \/><\/p>\n<p>La colecci\u00f3n Archivo Negro de la Poes\u00eda Mexicana, creada y coordinada por los editores de Malpa\u00eds ediciones, busca forjar una lectura horizontal y cr\u00edtica de la poes\u00eda escrita en M\u00e9xico. Creemos que gran parte de los lectores se gu\u00edan por una visi\u00f3n sesgada, vertical de su literatura, de tal forma siguen la l\u00ednea que dictan las antolog\u00edas, mesas de novedades y centros de poder cultural que legitiman o desechan autores y est\u00e9ticas. De tal manera, esta segunda serie busca seguir ofreciendo la obra m\u00e1s representativa de un grupo amplio de poetas que ha influido en distintas generaciones de lectores y autores, y que por diversos motivos han sido dejados al margen. Cabe se\u00f1alar que en esta nueva serie incluimos una obra escrita en lengua originaria, se trata de <em>Na\u2019an jie\u2019e tii-ni<\/em> \u2014<em>huellas del nagual<\/em>\u2014 de Kalu Tatyisavi, escrito en Tu\u2019un \u00d1uu Savi \u2018Palabra del Pa\u00eds de la lluvia\u2019 (conocido como mixteco), con ello se busca dejar patente que si al realizar una colecci\u00f3n de poes\u00eda mexicana no incluimos la poes\u00eda realizada en lenguas originarias, entonces se trata de un trabajo dolosamente parcial. Con este t\u00edtulo, esta colecci\u00f3n abre la puerta a la l\u00edrica realizada en los diversos idiomas originarios de nuestro pa\u00eds. Nuestra misi\u00f3n final no es la de crear otro canon o confrontar lo hegem\u00f3nico con lo perif\u00e9rico, sino crear lectores aut\u00e9nticos, curiosos, que no se conformen con lo que se les da u ofrece de manera vertical, sino realizar una lectura m\u00e1s amplia, m\u00e1s cr\u00edtica de su tradici\u00f3n literaria.<\/p>\n<p><img loading=\"lazy\" decoding=\"async\" src=\"http:\/\/malpaisediciones.com\/sitio\/wp-content\/uploads\/2018\/10\/memo-1.jpg\" alt=\"\" width=\"630\" height=\"630\" class=\"alignnone size-full wp-image-657\" srcset=\"http:\/\/malpaisediciones.com\/sitio\/wp-content\/uploads\/2018\/10\/memo-1.jpg 630w, http:\/\/malpaisediciones.com\/sitio\/wp-content\/uploads\/2018\/10\/memo-1-300x300.jpg 300w, http:\/\/malpaisediciones.com\/sitio\/wp-content\/uploads\/2018\/10\/memo-1-100x100.jpg 100w, http:\/\/malpaisediciones.com\/sitio\/wp-content\/uploads\/2018\/10\/memo-1-600x600.jpg 600w, http:\/\/malpaisediciones.com\/sitio\/wp-content\/uploads\/2018\/10\/memo-1-150x150.jpg 150w\" sizes=\"auto, (max-width: 630px) 85vw, 630px\" \/><br \/>\n<em>Memoria de hospital y Presagio<\/em> de Margarita Paz Paredes<\/p>\n<p><img loading=\"lazy\" decoding=\"async\" src=\"http:\/\/malpaisediciones.com\/sitio\/wp-content\/uploads\/2018\/10\/valle1.jpg\" alt=\"\" width=\"630\" height=\"630\" class=\"alignnone size-full wp-image-650\" srcset=\"http:\/\/malpaisediciones.com\/sitio\/wp-content\/uploads\/2018\/10\/valle1.jpg 630w, http:\/\/malpaisediciones.com\/sitio\/wp-content\/uploads\/2018\/10\/valle1-300x300.jpg 300w, http:\/\/malpaisediciones.com\/sitio\/wp-content\/uploads\/2018\/10\/valle1-100x100.jpg 100w, http:\/\/malpaisediciones.com\/sitio\/wp-content\/uploads\/2018\/10\/valle1-600x600.jpg 600w, http:\/\/malpaisediciones.com\/sitio\/wp-content\/uploads\/2018\/10\/valle1-150x150.jpg 150w\" sizes=\"auto, (max-width: 630px) 85vw, 630px\" \/><br \/>\n<em>En el valle sagrado<\/em> de Juan Mart\u00ednez<\/p>\n<p><img loading=\"lazy\" decoding=\"async\" src=\"http:\/\/malpaisediciones.com\/sitio\/wp-content\/uploads\/2018\/10\/canto-1.jpg\" alt=\"\" width=\"630\" height=\"630\" class=\"alignnone size-full wp-image-652\" srcset=\"http:\/\/malpaisediciones.com\/sitio\/wp-content\/uploads\/2018\/10\/canto-1.jpg 630w, http:\/\/malpaisediciones.com\/sitio\/wp-content\/uploads\/2018\/10\/canto-1-300x300.jpg 300w, http:\/\/malpaisediciones.com\/sitio\/wp-content\/uploads\/2018\/10\/canto-1-100x100.jpg 100w, http:\/\/malpaisediciones.com\/sitio\/wp-content\/uploads\/2018\/10\/canto-1-600x600.jpg 600w, http:\/\/malpaisediciones.com\/sitio\/wp-content\/uploads\/2018\/10\/canto-1-150x150.jpg 150w\" sizes=\"auto, (max-width: 630px) 85vw, 630px\" \/><br \/>\n<em>El canto del gallo. Poelectrones<\/em> de Jes\u00fas Arellano<\/p>\n<p><img loading=\"lazy\" decoding=\"async\" src=\"http:\/\/malpaisediciones.com\/sitio\/wp-content\/uploads\/2018\/10\/palabras-1.jpg\" alt=\"\" width=\"630\" height=\"630\" class=\"alignnone size-full wp-image-655\" srcset=\"http:\/\/malpaisediciones.com\/sitio\/wp-content\/uploads\/2018\/10\/palabras-1.jpg 630w, http:\/\/malpaisediciones.com\/sitio\/wp-content\/uploads\/2018\/10\/palabras-1-300x300.jpg 300w, http:\/\/malpaisediciones.com\/sitio\/wp-content\/uploads\/2018\/10\/palabras-1-100x100.jpg 100w, http:\/\/malpaisediciones.com\/sitio\/wp-content\/uploads\/2018\/10\/palabras-1-600x600.jpg 600w, http:\/\/malpaisediciones.com\/sitio\/wp-content\/uploads\/2018\/10\/palabras-1-150x150.jpg 150w\" sizes=\"auto, (max-width: 630px) 85vw, 630px\" \/><br \/>\n<em>Las palabras y El tiempo<\/em> de Ala\u00edde Foppa<\/p>\n<p><img loading=\"lazy\" decoding=\"async\" src=\"http:\/\/malpaisediciones.com\/sitio\/wp-content\/uploads\/2018\/10\/espiral-1.jpg\" alt=\"\" width=\"630\" height=\"630\" class=\"alignnone size-full wp-image-653\" srcset=\"http:\/\/malpaisediciones.com\/sitio\/wp-content\/uploads\/2018\/10\/espiral-1.jpg 630w, http:\/\/malpaisediciones.com\/sitio\/wp-content\/uploads\/2018\/10\/espiral-1-300x300.jpg 300w, http:\/\/malpaisediciones.com\/sitio\/wp-content\/uploads\/2018\/10\/espiral-1-100x100.jpg 100w, http:\/\/malpaisediciones.com\/sitio\/wp-content\/uploads\/2018\/10\/espiral-1-600x600.jpg 600w, http:\/\/malpaisediciones.com\/sitio\/wp-content\/uploads\/2018\/10\/espiral-1-150x150.jpg 150w\" sizes=\"auto, (max-width: 630px) 85vw, 630px\" \/><br \/>\n<em>Espiral en retorno<\/em> de Aurora Reyes<\/p>\n<p><img loading=\"lazy\" decoding=\"async\" src=\"http:\/\/malpaisediciones.com\/sitio\/wp-content\/uploads\/2018\/10\/liber-1.jpg\" alt=\"\" width=\"630\" height=\"630\" class=\"alignnone size-full wp-image-659\" srcset=\"http:\/\/malpaisediciones.com\/sitio\/wp-content\/uploads\/2018\/10\/liber-1.jpg 630w, http:\/\/malpaisediciones.com\/sitio\/wp-content\/uploads\/2018\/10\/liber-1-300x300.jpg 300w, http:\/\/malpaisediciones.com\/sitio\/wp-content\/uploads\/2018\/10\/liber-1-100x100.jpg 100w, http:\/\/malpaisediciones.com\/sitio\/wp-content\/uploads\/2018\/10\/liber-1-600x600.jpg 600w, http:\/\/malpaisediciones.com\/sitio\/wp-content\/uploads\/2018\/10\/liber-1-150x150.jpg 150w\" sizes=\"auto, (max-width: 630px) 85vw, 630px\" \/><br \/>\n<em>La libertad tiene otro nombre<\/em> de Carlos Eduardo Tur\u00f3n<\/p>\n<p><img loading=\"lazy\" decoding=\"async\" src=\"http:\/\/malpaisediciones.com\/sitio\/wp-content\/uploads\/2018\/10\/corazon-1.jpg\" alt=\"\" width=\"630\" height=\"630\" class=\"alignnone size-full wp-image-654\" srcset=\"http:\/\/malpaisediciones.com\/sitio\/wp-content\/uploads\/2018\/10\/corazon-1.jpg 630w, http:\/\/malpaisediciones.com\/sitio\/wp-content\/uploads\/2018\/10\/corazon-1-300x300.jpg 300w, http:\/\/malpaisediciones.com\/sitio\/wp-content\/uploads\/2018\/10\/corazon-1-100x100.jpg 100w, http:\/\/malpaisediciones.com\/sitio\/wp-content\/uploads\/2018\/10\/corazon-1-600x600.jpg 600w, http:\/\/malpaisediciones.com\/sitio\/wp-content\/uploads\/2018\/10\/corazon-1-150x150.jpg 150w\" sizes=\"auto, (max-width: 630px) 85vw, 630px\" \/><br \/>\n<em>El coraz\u00f3n preso<\/em> de Concha Urquiza<\/p>\n<p><img loading=\"lazy\" decoding=\"async\" src=\"http:\/\/malpaisediciones.com\/sitio\/wp-content\/uploads\/2018\/10\/penta-1.jpg\" alt=\"\" width=\"630\" height=\"630\" class=\"alignnone size-full wp-image-658\" srcset=\"http:\/\/malpaisediciones.com\/sitio\/wp-content\/uploads\/2018\/10\/penta-1.jpg 630w, http:\/\/malpaisediciones.com\/sitio\/wp-content\/uploads\/2018\/10\/penta-1-300x300.jpg 300w, http:\/\/malpaisediciones.com\/sitio\/wp-content\/uploads\/2018\/10\/penta-1-100x100.jpg 100w, http:\/\/malpaisediciones.com\/sitio\/wp-content\/uploads\/2018\/10\/penta-1-600x600.jpg 600w, http:\/\/malpaisediciones.com\/sitio\/wp-content\/uploads\/2018\/10\/penta-1-150x150.jpg 150w\" sizes=\"auto, (max-width: 630px) 85vw, 630px\" \/><br \/>\n<em>El pentagrama el\u00e9ctrico<\/em> de Salvador Gallardo<\/p>\n<p><img loading=\"lazy\" decoding=\"async\" src=\"http:\/\/malpaisediciones.com\/sitio\/wp-content\/uploads\/2018\/10\/varia-1.jpg\" alt=\"\" width=\"630\" height=\"630\" class=\"alignnone size-full wp-image-656\" srcset=\"http:\/\/malpaisediciones.com\/sitio\/wp-content\/uploads\/2018\/10\/varia-1.jpg 630w, http:\/\/malpaisediciones.com\/sitio\/wp-content\/uploads\/2018\/10\/varia-1-300x300.jpg 300w, http:\/\/malpaisediciones.com\/sitio\/wp-content\/uploads\/2018\/10\/varia-1-100x100.jpg 100w, http:\/\/malpaisediciones.com\/sitio\/wp-content\/uploads\/2018\/10\/varia-1-600x600.jpg 600w, http:\/\/malpaisediciones.com\/sitio\/wp-content\/uploads\/2018\/10\/varia-1-150x150.jpg 150w\" sizes=\"auto, (max-width: 630px) 85vw, 630px\" \/><br \/>\n<em>Variaciones de invierno<\/em> de Juan Bautista Villaseca<\/p>\n<p><img loading=\"lazy\" decoding=\"async\" src=\"http:\/\/malpaisediciones.com\/sitio\/wp-content\/uploads\/2018\/10\/huella1.jpg\" alt=\"\" width=\"630\" height=\"630\" class=\"alignnone size-full wp-image-651\" srcset=\"http:\/\/malpaisediciones.com\/sitio\/wp-content\/uploads\/2018\/10\/huella1.jpg 630w, http:\/\/malpaisediciones.com\/sitio\/wp-content\/uploads\/2018\/10\/huella1-300x300.jpg 300w, http:\/\/malpaisediciones.com\/sitio\/wp-content\/uploads\/2018\/10\/huella1-100x100.jpg 100w, http:\/\/malpaisediciones.com\/sitio\/wp-content\/uploads\/2018\/10\/huella1-600x600.jpg 600w, http:\/\/malpaisediciones.com\/sitio\/wp-content\/uploads\/2018\/10\/huella1-150x150.jpg 150w\" sizes=\"auto, (max-width: 630px) 85vw, 630px\" \/><br \/>\n<em>Na\u2019an jie\u2019e tii-ni \u2014huellas del nagual\u2014<\/em> de Kalu Tatyisavi<\/p>\n<p>&#8211; \u2013 &#8211; \u2013 &#8211; \u2013 &#8211; \u2013 &#8211; \u2013 &#8211; \u2013 &#8211; \u2013 &#8211; \u2013 &#8211; \u2013 &#8211; \u2013 &#8211; \u2013 &#8211; \u2013 &#8211; \u2013 &#8211; \u2013 &#8211; \u2013 &#8211; \u2013 &#8211; \u2013 &#8211; \u2013 &#8211; &#8211;<\/p>\n","protected":false},"excerpt":{"rendered":"<p>La colecci\u00f3n Archivo Negro de la Poes\u00eda Mexicana, creada y coordinada por los editores de Malpa\u00eds ediciones, busca forjar una lectura horizontal y cr\u00edtica de la poes\u00eda escrita en M\u00e9xico. Creemos que gran parte de los lectores se gu\u00edan por una visi\u00f3n sesgada, vertical de su literatura, de tal forma siguen la l\u00ednea que dictan&#8230;<\/p>\n","protected":false},"author":1,"featured_media":0,"parent":3312,"menu_order":0,"comment_status":"closed","ping_status":"closed","template":"","meta":{"_acf_changed":false,"footnotes":""},"class_list":["post-602","page","type-page","status-publish","hentry"],"acf":[],"_links":{"self":[{"href":"http:\/\/malpaisediciones.com\/sitio\/wp-json\/wp\/v2\/pages\/602","targetHints":{"allow":["GET"]}}],"collection":[{"href":"http:\/\/malpaisediciones.com\/sitio\/wp-json\/wp\/v2\/pages"}],"about":[{"href":"http:\/\/malpaisediciones.com\/sitio\/wp-json\/wp\/v2\/types\/page"}],"author":[{"embeddable":true,"href":"http:\/\/malpaisediciones.com\/sitio\/wp-json\/wp\/v2\/users\/1"}],"replies":[{"embeddable":true,"href":"http:\/\/malpaisediciones.com\/sitio\/wp-json\/wp\/v2\/comments?post=602"}],"version-history":[{"count":10,"href":"http:\/\/malpaisediciones.com\/sitio\/wp-json\/wp\/v2\/pages\/602\/revisions"}],"predecessor-version":[{"id":3464,"href":"http:\/\/malpaisediciones.com\/sitio\/wp-json\/wp\/v2\/pages\/602\/revisions\/3464"}],"up":[{"embeddable":true,"href":"http:\/\/malpaisediciones.com\/sitio\/wp-json\/wp\/v2\/pages\/3312"}],"wp:attachment":[{"href":"http:\/\/malpaisediciones.com\/sitio\/wp-json\/wp\/v2\/media?parent=602"}],"curies":[{"name":"wp","href":"https:\/\/api.w.org\/{rel}","templated":true}]}}