{"id":4134,"date":"2025-07-08T12:09:59","date_gmt":"2025-07-08T17:09:59","guid":{"rendered":"https:\/\/malpaisediciones.com\/sitio\/?post_type=product&#038;p=4134"},"modified":"2025-07-08T12:14:03","modified_gmt":"2025-07-08T17:14:03","slug":"de-precisos-espurios-y-parias-200-anos-del-presidencialismo-en-mexico","status":"publish","type":"product","link":"http:\/\/malpaisediciones.com\/sitio\/producto\/de-precisos-espurios-y-parias-200-anos-del-presidencialismo-en-mexico\/","title":{"rendered":"De precisos, espurios y parias. 200 a\u00f1os del presidencialismo en M\u00e9xico"},"content":{"rendered":"<p>Autor: Varios<\/p>\n","protected":false},"excerpt":{"rendered":"<p><strong>200 a\u00f1os del presidencialismo en M\u00e9xico<\/strong><\/p>\n<p><em>De precisos, espurios y parias: 200 a\u00f1os del presidencialismo en M\u00e9xico<\/em>, es la manera l\u00fadica en que un grupo de ilustradores, historiadores y escritores asimilan o se reapropian de la historia nacional a partir de los gobernantes, tal y como han sido: autoritarios, corruptos, paternalistas, blandengues, asesinos, vendepatrias, dem\u00f3cratas, deslenguados, ignorantes, persignados, rojos, payasos. Un museo del horror, de rostros que vamos delineando como bufones que se lanzan a la revuelta, y pintarrajean muros y lienzos y garabatean hojas blancas con consignas como an\u00f3nimos indignados con pancartas que dicen: \u201cSi no nos dejan so\u00f1ar, no los dejaremos dormir\u201d. Porque la poes\u00eda y el veneno tambi\u00e9n residen en el pueblo. Es el presente libro una oportunidad de entendernos como gobernados y asimismo de hacer escarnio de la manera en que somos explotados, v\u00edctimas, y comparsa de los l\u00edderes que cada seis a\u00f1os nos toman el poco pelo nacional que nos resta. Esta es una invitaci\u00f3n desde la consciencia para re\u00edr y llorar sobre la patria deshecha y, como apunt\u00f3 el poeta Miguel Guardia (1924-1982), para \u201cya no hablar con voz pausada y tolerante\/ sino a gritos y a golpes de amargura.\/ Y que vamos a llenarnos de horror hasta los codos\u201d.<\/p>\n<p><strong>Investigaci\u00f3n de:<\/strong> Aquiles \u00c1vila, Claudia Ceja, Pavel Navarro, Sebasti\u00e1n Rivera y Regina Tapia<\/p>\n<p><strong>Ilustraciones de:<\/strong> Abraham D\u00edaz, Jayme Sifuentes, Mariana Villanueva, Santiago Robles Bonfil y Santiago Sol\u00eds<\/p>\n<p>200 pp \/ 14 x 21 cm<\/p>\n<p><strong>ISBN: 978-607-9664-42-8<\/strong><\/p>\n","protected":false},"featured_media":361,"template":"","meta":{"_acf_changed":false},"product_brand":[],"product_cat":[70],"product_tag":[],"class_list":{"0":"post-4134","1":"product","2":"type-product","3":"status-publish","4":"has-post-thumbnail","6":"product_cat-libros","8":"first","9":"instock","10":"shipping-taxable","11":"purchasable","12":"product-type-simple"},"acf":[],"_links":{"self":[{"href":"http:\/\/malpaisediciones.com\/sitio\/wp-json\/wp\/v2\/product\/4134","targetHints":{"allow":["GET"]}}],"collection":[{"href":"http:\/\/malpaisediciones.com\/sitio\/wp-json\/wp\/v2\/product"}],"about":[{"href":"http:\/\/malpaisediciones.com\/sitio\/wp-json\/wp\/v2\/types\/product"}],"wp:featuredmedia":[{"embeddable":true,"href":"http:\/\/malpaisediciones.com\/sitio\/wp-json\/wp\/v2\/media\/361"}],"wp:attachment":[{"href":"http:\/\/malpaisediciones.com\/sitio\/wp-json\/wp\/v2\/media?parent=4134"}],"wp:term":[{"taxonomy":"product_brand","embeddable":true,"href":"http:\/\/malpaisediciones.com\/sitio\/wp-json\/wp\/v2\/product_brand?post=4134"},{"taxonomy":"product_cat","embeddable":true,"href":"http:\/\/malpaisediciones.com\/sitio\/wp-json\/wp\/v2\/product_cat?post=4134"},{"taxonomy":"product_tag","embeddable":true,"href":"http:\/\/malpaisediciones.com\/sitio\/wp-json\/wp\/v2\/product_tag?post=4134"}],"curies":[{"name":"wp","href":"https:\/\/api.w.org\/{rel}","templated":true}]}}