{"id":4137,"date":"2025-07-08T12:16:11","date_gmt":"2025-07-08T17:16:11","guid":{"rendered":"https:\/\/malpaisediciones.com\/sitio\/?post_type=product&#038;p=4137"},"modified":"2025-11-05T11:35:53","modified_gmt":"2025-11-05T17:35:53","slug":"del-rito-a-la-carne","status":"publish","type":"product","link":"http:\/\/malpaisediciones.com\/sitio\/producto\/del-rito-a-la-carne\/","title":{"rendered":"Del rito a la carne"},"content":{"rendered":"<p>Autor: Roberto L\u00f3pez Moreno y Ricardo Maga\u00f1a<\/p>\n","protected":false},"excerpt":{"rendered":"<p><strong>Texto: Roberto L\u00f3pez Moreno<br \/>\nFotograf\u00edas: Ricardo Maga\u00f1a<\/strong><\/p>\n<p>Se trata de un libro de poes\u00eda y material fotogr\u00e1fico inspirado en ambos casos en el ballet y la danza contempor\u00e1nea mexicana. Es preciso recordar que una de las grandes bailarinas reconocidas mundialmente, Gloria Contreras, amiga cercana de los autores naci\u00f3 en la ciudad de Pichucalco, Chiapas. Este trabajo en gran medida estuvo inspirado a partir de tal cercan\u00eda y trabajo en conjunto. Los poemas se refieren todos al hecho m\u00e1gico de la danza y recorre ese mundo fant\u00e1stico (entre fotograf\u00edas y poemas) desde que se abre hasta que se cierra el tel\u00f3n.<br \/>\nCada poema va acompa\u00f1ado de una imagen. El libro es en blanco y negro para acentuar la belleza de las formas danc\u00edsticas. Lleva un pr\u00f3logo del poeta tambi\u00e9n chiapaneco Jos\u00e9 Falconi. Al final del tomo va una relaci\u00f3n de las p\u00e1ginas en las que est\u00e1n impresos las diferentes fotograf\u00edas, bailarines, compa\u00f1\u00eda, a\u00f1o y lugar en donde se presentaron. Es tambi\u00e9n un referente hist\u00f3rico de un momento del ballet y la danza en M\u00e9xico. Creemos que este ser\u00e1 un libro que enriquecer\u00e1 la labor editorial en Chiapas.<\/p>\n<p>106 pp \/ 27 x 20.5 cm<\/p>\n<p><strong>ISBN: 978-607-98050-7-4<\/strong><\/p>\n","protected":false},"featured_media":3655,"template":"","meta":{"_acf_changed":false},"product_brand":[],"product_cat":[70],"product_tag":[],"class_list":{"0":"post-4137","1":"product","2":"type-product","3":"status-publish","4":"has-post-thumbnail","6":"product_cat-libros","8":"first","9":"instock","10":"shipping-taxable","11":"purchasable","12":"product-type-simple"},"acf":[],"_links":{"self":[{"href":"http:\/\/malpaisediciones.com\/sitio\/wp-json\/wp\/v2\/product\/4137","targetHints":{"allow":["GET"]}}],"collection":[{"href":"http:\/\/malpaisediciones.com\/sitio\/wp-json\/wp\/v2\/product"}],"about":[{"href":"http:\/\/malpaisediciones.com\/sitio\/wp-json\/wp\/v2\/types\/product"}],"wp:featuredmedia":[{"embeddable":true,"href":"http:\/\/malpaisediciones.com\/sitio\/wp-json\/wp\/v2\/media\/3655"}],"wp:attachment":[{"href":"http:\/\/malpaisediciones.com\/sitio\/wp-json\/wp\/v2\/media?parent=4137"}],"wp:term":[{"taxonomy":"product_brand","embeddable":true,"href":"http:\/\/malpaisediciones.com\/sitio\/wp-json\/wp\/v2\/product_brand?post=4137"},{"taxonomy":"product_cat","embeddable":true,"href":"http:\/\/malpaisediciones.com\/sitio\/wp-json\/wp\/v2\/product_cat?post=4137"},{"taxonomy":"product_tag","embeddable":true,"href":"http:\/\/malpaisediciones.com\/sitio\/wp-json\/wp\/v2\/product_tag?post=4137"}],"curies":[{"name":"wp","href":"https:\/\/api.w.org\/{rel}","templated":true}]}}