{"id":4139,"date":"2025-07-08T12:39:51","date_gmt":"2025-07-08T17:39:51","guid":{"rendered":"https:\/\/malpaisediciones.com\/sitio\/?post_type=product&#038;p=4139"},"modified":"2025-07-08T12:42:07","modified_gmt":"2025-07-08T17:42:07","slug":"dogma","status":"publish","type":"product","link":"http:\/\/malpaisediciones.com\/sitio\/producto\/dogma\/","title":{"rendered":"Dogma"},"content":{"rendered":"<p>Autor: Iv\u00e1n Cruz Osorio<\/p>\n","protected":false},"excerpt":{"rendered":"<p><strong>Iv\u00e1n Cruz Osorio<\/strong><\/p>\n<p>Dogma es el peregrinaje de un ente que busca o rememora en los retazos de im\u00e1genes, de personajes, posturas pol\u00edticas, frases que encuentra en su mente. \u00bfVersiones de una misma realidad, versiones diversas de una existencia? El peregrinaje no culmina, se enriela a otras estaciones subterr\u00e1neas de la vida diaria que contin\u00faa en su propio v\u00e9rtigo, en su propia versi\u00f3n de la realidad.<\/p>\n<p>44 pp \/ 20 x 20 cm<\/p>\n<p><strong>ISBN: 978-607-98050-4-3<\/strong><\/p>\n","protected":false},"featured_media":3536,"template":"","meta":{"_acf_changed":false},"product_brand":[],"product_cat":[70],"product_tag":[],"class_list":{"0":"post-4139","1":"product","2":"type-product","3":"status-publish","4":"has-post-thumbnail","6":"product_cat-libros","8":"first","9":"instock","10":"shipping-taxable","11":"purchasable","12":"product-type-simple"},"acf":[],"_links":{"self":[{"href":"http:\/\/malpaisediciones.com\/sitio\/wp-json\/wp\/v2\/product\/4139","targetHints":{"allow":["GET"]}}],"collection":[{"href":"http:\/\/malpaisediciones.com\/sitio\/wp-json\/wp\/v2\/product"}],"about":[{"href":"http:\/\/malpaisediciones.com\/sitio\/wp-json\/wp\/v2\/types\/product"}],"wp:featuredmedia":[{"embeddable":true,"href":"http:\/\/malpaisediciones.com\/sitio\/wp-json\/wp\/v2\/media\/3536"}],"wp:attachment":[{"href":"http:\/\/malpaisediciones.com\/sitio\/wp-json\/wp\/v2\/media?parent=4139"}],"wp:term":[{"taxonomy":"product_brand","embeddable":true,"href":"http:\/\/malpaisediciones.com\/sitio\/wp-json\/wp\/v2\/product_brand?post=4139"},{"taxonomy":"product_cat","embeddable":true,"href":"http:\/\/malpaisediciones.com\/sitio\/wp-json\/wp\/v2\/product_cat?post=4139"},{"taxonomy":"product_tag","embeddable":true,"href":"http:\/\/malpaisediciones.com\/sitio\/wp-json\/wp\/v2\/product_tag?post=4139"}],"curies":[{"name":"wp","href":"https:\/\/api.w.org\/{rel}","templated":true}]}}