{"id":4162,"date":"2025-07-08T13:14:55","date_gmt":"2025-07-08T18:14:55","guid":{"rendered":"https:\/\/malpaisediciones.com\/sitio\/?post_type=product&#038;p=4162"},"modified":"2025-07-08T13:21:20","modified_gmt":"2025-07-08T18:21:20","slug":"ensayos-y-otras-conversaciones","status":"publish","type":"product","link":"http:\/\/malpaisediciones.com\/sitio\/producto\/ensayos-y-otras-conversaciones\/","title":{"rendered":"Ensayos y otras conversaciones"},"content":{"rendered":"<p>Autor: Jos\u00e9 Manuel Mateo<\/p>\n","protected":false},"excerpt":{"rendered":"<p><strong>Jos\u00e9 Manuel Morelos<\/strong><\/p>\n<p><em>Ensayos y otras conversaciones<\/em> es un libro de poemas que dialoga con la calle, con los personajes y la atm\u00f3sfera que d\u00eda a d\u00eda nos encontramos en la ciudad. De aqu\u00ed se desprenden f\u00e1bulas de familia, charlas de caf\u00e9, mon\u00f3logos interiores en que se revela una sociedad moderna atrapada en la inmediatez, en la inercia, pero tambi\u00e9n en breves instantes de cinismo y humor negro. \u201cVa por corrientes\/ sorprendido\/ a medio tramo\/ de su flotaci\u00f3n pulmonar\/ celacanto sin abismo\u201d. Las ilustraciones de Gala Navarro que abren y cierran el volumen apelan a este fluir vertiginoso del celacanto, a este deambular \u201centre el infarto y la dislalia\u201d. Con este t\u00edtulo Jos\u00e9 Manuel Mateo indaga de forma entra\u00f1able y precisa en el desgarramiento y el regocijo de nuestra condici\u00f3n humana.<\/p>\n<p><strong>Ilustraciones de:<\/strong> Gala Navarro<\/p>\n<p>80 pp \/ 12.5 x 19 cm<\/p>\n<p><strong>ISBN: 978-607-9664-45-9<\/strong><\/p>\n","protected":false},"featured_media":403,"template":"","meta":{"_acf_changed":false},"product_brand":[],"product_cat":[70],"product_tag":[],"class_list":{"0":"post-4162","1":"product","2":"type-product","3":"status-publish","4":"has-post-thumbnail","6":"product_cat-libros","8":"first","9":"outofstock","10":"shipping-taxable","11":"product-type-simple"},"acf":[],"_links":{"self":[{"href":"http:\/\/malpaisediciones.com\/sitio\/wp-json\/wp\/v2\/product\/4162","targetHints":{"allow":["GET"]}}],"collection":[{"href":"http:\/\/malpaisediciones.com\/sitio\/wp-json\/wp\/v2\/product"}],"about":[{"href":"http:\/\/malpaisediciones.com\/sitio\/wp-json\/wp\/v2\/types\/product"}],"wp:featuredmedia":[{"embeddable":true,"href":"http:\/\/malpaisediciones.com\/sitio\/wp-json\/wp\/v2\/media\/403"}],"wp:attachment":[{"href":"http:\/\/malpaisediciones.com\/sitio\/wp-json\/wp\/v2\/media?parent=4162"}],"wp:term":[{"taxonomy":"product_brand","embeddable":true,"href":"http:\/\/malpaisediciones.com\/sitio\/wp-json\/wp\/v2\/product_brand?post=4162"},{"taxonomy":"product_cat","embeddable":true,"href":"http:\/\/malpaisediciones.com\/sitio\/wp-json\/wp\/v2\/product_cat?post=4162"},{"taxonomy":"product_tag","embeddable":true,"href":"http:\/\/malpaisediciones.com\/sitio\/wp-json\/wp\/v2\/product_tag?post=4162"}],"curies":[{"name":"wp","href":"https:\/\/api.w.org\/{rel}","templated":true}]}}