{"id":4165,"date":"2025-07-08T13:22:50","date_gmt":"2025-07-08T18:22:50","guid":{"rendered":"https:\/\/malpaisediciones.com\/sitio\/?post_type=product&#038;p=4165"},"modified":"2025-07-08T13:27:12","modified_gmt":"2025-07-08T18:27:12","slug":"escenas-de-vacas-interminables","status":"publish","type":"product","link":"http:\/\/malpaisediciones.com\/sitio\/producto\/escenas-de-vacas-interminables\/","title":{"rendered":"Escenas de vacas interminables"},"content":{"rendered":"<p>Autor: Jos\u00e9 Pulido<\/p>\n","protected":false},"excerpt":{"rendered":"<p><strong>Jos\u00e9 Pulido<\/strong><\/p>\n<p>\u00abEscenas de vacas interminables, de Jos\u00e9 Pulido, es un artificio literario con una mirada cr\u00edtica, cinematogr\u00e1fica, que pone el \u00e9nfasis en el montaje, es decir, en el desplazamiento de ese rect\u00e1ngulo cargado de emociones (aqu\u00ed, la p\u00e1gina). Los textos operan como una acerada y precisa m\u00e1quina que concierta multiplicidades. Lejos de las epifan\u00edas insulares, los poemas que forman parte de este libro \u2014breves y contundentes, a la vez que interdependientes de su conjunto\u2014 son un mecanismo que atrae y aparta las im\u00e1genes: el padre y el hijo, las vacas y los caballos, los cuerpos y su derrumbe, las violetas y la sangre, la pel\u00edcula y el poema. Y precisamente es esta relaci\u00f3n equ\u00edvoca del poeta con la experiencia, el quid de la poes\u00eda moderna, lo que se problematiza\u00bb. <em>Rodrigo Flores S\u00e1nchez<\/em><\/p>\n<p><strong>Ilustraciones de:<\/strong> Juli\u00e1n Cicero<\/p>\n<p>72 pp \/ 12.5 x 19 cm<\/p>\n<p><strong>ISBN: 978-607-98050-8-1<\/strong><\/p>\n","protected":false},"featured_media":3761,"template":"","meta":{"_acf_changed":false},"product_brand":[],"product_cat":[70],"product_tag":[],"class_list":{"0":"post-4165","1":"product","2":"type-product","3":"status-publish","4":"has-post-thumbnail","6":"product_cat-libros","8":"first","9":"instock","10":"shipping-taxable","11":"purchasable","12":"product-type-simple"},"acf":[],"_links":{"self":[{"href":"http:\/\/malpaisediciones.com\/sitio\/wp-json\/wp\/v2\/product\/4165","targetHints":{"allow":["GET"]}}],"collection":[{"href":"http:\/\/malpaisediciones.com\/sitio\/wp-json\/wp\/v2\/product"}],"about":[{"href":"http:\/\/malpaisediciones.com\/sitio\/wp-json\/wp\/v2\/types\/product"}],"wp:featuredmedia":[{"embeddable":true,"href":"http:\/\/malpaisediciones.com\/sitio\/wp-json\/wp\/v2\/media\/3761"}],"wp:attachment":[{"href":"http:\/\/malpaisediciones.com\/sitio\/wp-json\/wp\/v2\/media?parent=4165"}],"wp:term":[{"taxonomy":"product_brand","embeddable":true,"href":"http:\/\/malpaisediciones.com\/sitio\/wp-json\/wp\/v2\/product_brand?post=4165"},{"taxonomy":"product_cat","embeddable":true,"href":"http:\/\/malpaisediciones.com\/sitio\/wp-json\/wp\/v2\/product_cat?post=4165"},{"taxonomy":"product_tag","embeddable":true,"href":"http:\/\/malpaisediciones.com\/sitio\/wp-json\/wp\/v2\/product_tag?post=4165"}],"curies":[{"name":"wp","href":"https:\/\/api.w.org\/{rel}","templated":true}]}}