{"id":4173,"date":"2025-07-08T13:35:18","date_gmt":"2025-07-08T18:35:18","guid":{"rendered":"https:\/\/malpaisediciones.com\/sitio\/?post_type=product&#038;p=4173"},"modified":"2025-07-08T13:37:39","modified_gmt":"2025-07-08T18:37:39","slug":"funerales-del-ahogado-en-la-noche","status":"publish","type":"product","link":"http:\/\/malpaisediciones.com\/sitio\/producto\/funerales-del-ahogado-en-la-noche\/","title":{"rendered":"Funerales del ahogado en la noche"},"content":{"rendered":"<p>Autor: Max Rojas<\/p>\n","protected":false},"excerpt":{"rendered":"<p><strong>Max Rojas<\/strong><\/p>\n<p>En \u00abFunerales del ahogado en la noche y otros textos in\u00e9ditos\u00bb \u2014que re\u00fane tres poemarios y una declaraci\u00f3n de fe\u2014 escuchamos la voz presurosa, desafiante de los abismos, de aquel que sabe casi nada de la existencia y, por tanto, anda libre por el mundo real y en el mundo que erigen las palabras, casa final de los esp\u00edritus valientes y combativos. En este libro tambi\u00e9n encontraremos la vena social de Max Rojas, una apuesta permanente contra la tiran\u00eda y el despotismo, su adhesi\u00f3n expl\u00edcita por las causas sociales y su inagotable sed de justicia y esperanza: \u201cQuise tocar las campanas de mi duelo \/ pero un pueblo de pie me trajo al hombre \/ y estoy aqu\u00ed, con mi esqueleto a cuestas, \/ en esta hora de pueblo combatiendo.\u201d<br \/>\nCoedici\u00f3n entre Malpa\u00eds Ediciones, el Instituto Municipal de Arte y Cultura de Puebla que acerca a las lectoras y lectores de Puebla a una de las obras m\u00e1s personales y atrevidas de la poes\u00eda mexicana.<\/p>\n<p>Compilaci\u00f3n, investigaci\u00f3n y pr\u00f3logo de Iv\u00e1n Cruz Osorio<\/p>\n<p><strong>Ilustraciones de: <\/strong>Ina Hristova<\/p>\n<p>116 pp \/ 14 x 21 cm<\/p>\n<p><strong>ISBN: 978-607-8123-70-4<\/strong><\/p>\n","protected":false},"featured_media":3627,"template":"","meta":{"_acf_changed":false},"product_brand":[],"product_cat":[70],"product_tag":[],"class_list":{"0":"post-4173","1":"product","2":"type-product","3":"status-publish","4":"has-post-thumbnail","6":"product_cat-libros","8":"first","9":"instock","10":"shipping-taxable","11":"purchasable","12":"product-type-simple"},"acf":[],"_links":{"self":[{"href":"http:\/\/malpaisediciones.com\/sitio\/wp-json\/wp\/v2\/product\/4173","targetHints":{"allow":["GET"]}}],"collection":[{"href":"http:\/\/malpaisediciones.com\/sitio\/wp-json\/wp\/v2\/product"}],"about":[{"href":"http:\/\/malpaisediciones.com\/sitio\/wp-json\/wp\/v2\/types\/product"}],"wp:featuredmedia":[{"embeddable":true,"href":"http:\/\/malpaisediciones.com\/sitio\/wp-json\/wp\/v2\/media\/3627"}],"wp:attachment":[{"href":"http:\/\/malpaisediciones.com\/sitio\/wp-json\/wp\/v2\/media?parent=4173"}],"wp:term":[{"taxonomy":"product_brand","embeddable":true,"href":"http:\/\/malpaisediciones.com\/sitio\/wp-json\/wp\/v2\/product_brand?post=4173"},{"taxonomy":"product_cat","embeddable":true,"href":"http:\/\/malpaisediciones.com\/sitio\/wp-json\/wp\/v2\/product_cat?post=4173"},{"taxonomy":"product_tag","embeddable":true,"href":"http:\/\/malpaisediciones.com\/sitio\/wp-json\/wp\/v2\/product_tag?post=4173"}],"curies":[{"name":"wp","href":"https:\/\/api.w.org\/{rel}","templated":true}]}}