{"id":4175,"date":"2025-07-08T13:49:56","date_gmt":"2025-07-08T18:49:56","guid":{"rendered":"https:\/\/malpaisediciones.com\/sitio\/?post_type=product&#038;p=4175"},"modified":"2025-07-08T13:51:36","modified_gmt":"2025-07-08T18:51:36","slug":"hikuri","status":"publish","type":"product","link":"http:\/\/malpaisediciones.com\/sitio\/producto\/hikuri\/","title":{"rendered":"Hikuri"},"content":{"rendered":"<p>Autor: Jos\u00e9 Vicente Anaya<\/p>\n","protected":false},"excerpt":{"rendered":"<p><strong>Jos\u00e9 Vicente Anaya<\/strong><\/p>\n<p>\u201cEn el \u00e1mbito de la poes\u00eda mexicana, a veces tan decorosa y preocupada por la pureza del lenguaje, este poema de Anaya vino a contraponerse siguiendo la tradici\u00f3n de la \u201cpoes\u00eda maldita\u201d. <em>H\u00edkuri<\/em> es un poema maldito por la tem\u00e1tica: la visi\u00f3n po\u00e9tica a partir del uso de un agente psicotr\u00f3pico; por la forma: una alteraci\u00f3n de la escritura a partir de una manifestaci\u00f3n oral de la voz po\u00e9tica; por la situaci\u00f3n de enunciaci\u00f3n: un sujeto arrinconado en las lindes de aquello que la m\u00e1quina social del capitalismo ha querido olvidar. Esto es lo que ha convertido a <em>H\u00edkuri<\/em> en un poema de culto entre la sociedad contempor\u00e1nea que gusta de vivir momentos de desahogo ante su imposible realidad.\u201d Alejandro Palma Castro y Gustavo Osorio de Ita.<\/p>\n<p>120 pp \/ 10.5 x 16 cm<\/p>\n<p><strong>ISBN: 978-607-96628-4-4<\/strong><\/p>\n","protected":false},"featured_media":233,"template":"","meta":{"_acf_changed":false},"product_brand":[],"product_cat":[70],"product_tag":[],"class_list":{"0":"post-4175","1":"product","2":"type-product","3":"status-publish","4":"has-post-thumbnail","6":"product_cat-libros","8":"first","9":"outofstock","10":"shipping-taxable","11":"product-type-simple"},"acf":[],"_links":{"self":[{"href":"http:\/\/malpaisediciones.com\/sitio\/wp-json\/wp\/v2\/product\/4175","targetHints":{"allow":["GET"]}}],"collection":[{"href":"http:\/\/malpaisediciones.com\/sitio\/wp-json\/wp\/v2\/product"}],"about":[{"href":"http:\/\/malpaisediciones.com\/sitio\/wp-json\/wp\/v2\/types\/product"}],"wp:featuredmedia":[{"embeddable":true,"href":"http:\/\/malpaisediciones.com\/sitio\/wp-json\/wp\/v2\/media\/233"}],"wp:attachment":[{"href":"http:\/\/malpaisediciones.com\/sitio\/wp-json\/wp\/v2\/media?parent=4175"}],"wp:term":[{"taxonomy":"product_brand","embeddable":true,"href":"http:\/\/malpaisediciones.com\/sitio\/wp-json\/wp\/v2\/product_brand?post=4175"},{"taxonomy":"product_cat","embeddable":true,"href":"http:\/\/malpaisediciones.com\/sitio\/wp-json\/wp\/v2\/product_cat?post=4175"},{"taxonomy":"product_tag","embeddable":true,"href":"http:\/\/malpaisediciones.com\/sitio\/wp-json\/wp\/v2\/product_tag?post=4175"}],"curies":[{"name":"wp","href":"https:\/\/api.w.org\/{rel}","templated":true}]}}