{"id":4187,"date":"2025-07-08T14:06:49","date_gmt":"2025-07-08T19:06:49","guid":{"rendered":"https:\/\/malpaisediciones.com\/sitio\/?post_type=product&#038;p=4187"},"modified":"2025-08-15T14:10:31","modified_gmt":"2025-08-15T19:10:31","slug":"las-cuerpas","status":"publish","type":"product","link":"http:\/\/malpaisediciones.com\/sitio\/producto\/las-cuerpas\/","title":{"rendered":"Las Cuerpas"},"content":{"rendered":"<p>Autor: Tania Jaramillo<\/p>\n","protected":false},"excerpt":{"rendered":"<p><strong>Tania Jaramillo<\/strong><\/p>\n<p>En un contexto de extrema violencia, Tania Jaramillo entrega un poemario que se hunde en la b\u00fasqueda del derecho a la vida, de la manera en que los cuerpos violentados se reconstruyen, se ven, se piensan, se defienden. La autora pone en di\u00e1logo po\u00e9tico la dicotom\u00eda masculino-femenino para pasar de los cuerpos ajenos, vejados, invisibles del que emergen las cuerpas que concentran una colectividad que con un murmullo que, despu\u00e9s atravesar el dolor, se apropia de su corporalidad, del placer, del poder de lo vulnerable. En un contexto en extremo hostil, <em>Las Cuerpas<\/em> reclaman su derecho a la existencia, a la voz, a la palabra.<\/p>\n<p><strong>Ilustraciones de:<\/strong> Daniela Mart\u00edn del Campo<\/p>\n<p>72 pp \/ 12.5 x 19 cm<\/p>\n<p><strong>ISBN: 978-607-90645-4-9<\/strong><\/p>\n","protected":false},"featured_media":3850,"template":"","meta":{"_acf_changed":false},"product_brand":[],"product_cat":[70],"product_tag":[],"class_list":{"0":"post-4187","1":"product","2":"type-product","3":"status-publish","4":"has-post-thumbnail","6":"product_cat-libros","8":"first","9":"instock","10":"shipping-taxable","11":"purchasable","12":"product-type-simple"},"acf":[],"_links":{"self":[{"href":"http:\/\/malpaisediciones.com\/sitio\/wp-json\/wp\/v2\/product\/4187","targetHints":{"allow":["GET"]}}],"collection":[{"href":"http:\/\/malpaisediciones.com\/sitio\/wp-json\/wp\/v2\/product"}],"about":[{"href":"http:\/\/malpaisediciones.com\/sitio\/wp-json\/wp\/v2\/types\/product"}],"wp:featuredmedia":[{"embeddable":true,"href":"http:\/\/malpaisediciones.com\/sitio\/wp-json\/wp\/v2\/media\/3850"}],"wp:attachment":[{"href":"http:\/\/malpaisediciones.com\/sitio\/wp-json\/wp\/v2\/media?parent=4187"}],"wp:term":[{"taxonomy":"product_brand","embeddable":true,"href":"http:\/\/malpaisediciones.com\/sitio\/wp-json\/wp\/v2\/product_brand?post=4187"},{"taxonomy":"product_cat","embeddable":true,"href":"http:\/\/malpaisediciones.com\/sitio\/wp-json\/wp\/v2\/product_cat?post=4187"},{"taxonomy":"product_tag","embeddable":true,"href":"http:\/\/malpaisediciones.com\/sitio\/wp-json\/wp\/v2\/product_tag?post=4187"}],"curies":[{"name":"wp","href":"https:\/\/api.w.org\/{rel}","templated":true}]}}