{"id":4190,"date":"2025-07-08T14:15:40","date_gmt":"2025-07-08T19:15:40","guid":{"rendered":"https:\/\/malpaisediciones.com\/sitio\/?post_type=product&#038;p=4190"},"modified":"2025-07-08T14:17:25","modified_gmt":"2025-07-08T19:17:25","slug":"las-palabras-y-el-tiempo","status":"publish","type":"product","link":"http:\/\/malpaisediciones.com\/sitio\/producto\/las-palabras-y-el-tiempo\/","title":{"rendered":"Las palabras y El tiempo"},"content":{"rendered":"<p>Autor: Ala\u00edde Foppa<\/p>\n","protected":false},"excerpt":{"rendered":"<p><strong>Ala\u00edde Foppa<\/strong><\/p>\n<p>Las palabras y El tiempo se divide estructuralmente en dos secciones que corresponden al t\u00edtulo; a su vez la parte de \u201cEl tiempo\u201d se divide en las secciones \u201cD\u00edas\u201d, \u201cMomentos\u201d, \u201cEl tiempo\u201d. Formalmente se ci\u00f1e al tipo de verso que Foppa ven\u00eda trabajando desde su primer poemario: una versificaci\u00f3n breve que pocas veces supera el endecas\u00edlabo adem\u00e1s de fragmentar la idea sint\u00e1ctica en dos o tres versos para asumir una expresi\u00f3n particular desde el encabalgamiento. Se hace patente la b\u00fasqueda de una dicci\u00f3n clara y sencilla que ven\u00eda practicando desde Los dedos de mi mano; su verso se depura para expresar una claridad de pensamiento.<\/p>\n<p>104 pp \/ 10.5 x 16 cm<\/p>\n<p><strong>ISBN: 978-607-97604-9-6<\/strong><\/p>\n","protected":false},"featured_media":655,"template":"","meta":{"_acf_changed":false},"product_brand":[],"product_cat":[70],"product_tag":[],"class_list":{"0":"post-4190","1":"product","2":"type-product","3":"status-publish","4":"has-post-thumbnail","6":"product_cat-libros","8":"first","9":"outofstock","10":"shipping-taxable","11":"product-type-simple"},"acf":[],"_links":{"self":[{"href":"http:\/\/malpaisediciones.com\/sitio\/wp-json\/wp\/v2\/product\/4190","targetHints":{"allow":["GET"]}}],"collection":[{"href":"http:\/\/malpaisediciones.com\/sitio\/wp-json\/wp\/v2\/product"}],"about":[{"href":"http:\/\/malpaisediciones.com\/sitio\/wp-json\/wp\/v2\/types\/product"}],"wp:featuredmedia":[{"embeddable":true,"href":"http:\/\/malpaisediciones.com\/sitio\/wp-json\/wp\/v2\/media\/655"}],"wp:attachment":[{"href":"http:\/\/malpaisediciones.com\/sitio\/wp-json\/wp\/v2\/media?parent=4190"}],"wp:term":[{"taxonomy":"product_brand","embeddable":true,"href":"http:\/\/malpaisediciones.com\/sitio\/wp-json\/wp\/v2\/product_brand?post=4190"},{"taxonomy":"product_cat","embeddable":true,"href":"http:\/\/malpaisediciones.com\/sitio\/wp-json\/wp\/v2\/product_cat?post=4190"},{"taxonomy":"product_tag","embeddable":true,"href":"http:\/\/malpaisediciones.com\/sitio\/wp-json\/wp\/v2\/product_tag?post=4190"}],"curies":[{"name":"wp","href":"https:\/\/api.w.org\/{rel}","templated":true}]}}