{"id":4199,"date":"2025-07-08T14:34:11","date_gmt":"2025-07-08T19:34:11","guid":{"rendered":"https:\/\/malpaisediciones.com\/sitio\/?post_type=product&#038;p=4199"},"modified":"2026-04-09T17:24:40","modified_gmt":"2026-04-09T22:24:40","slug":"memoria-de-hospital-y-presagio","status":"publish","type":"product","link":"http:\/\/malpaisediciones.com\/sitio\/producto\/memoria-de-hospital-y-presagio\/","title":{"rendered":"Memoria de hospital y Presagio"},"content":{"rendered":"<p>Autor: Margarita Paz Paredes<\/p>\n","protected":false},"excerpt":{"rendered":"<p><strong>Margarita Paz Paredes<\/strong><\/p>\n<p>La primera edici\u00f3n de Memorias de hospital y Presagio apareci\u00f3 en 1983 bajo el sello de Grupo Editorial Miguel \u00c1ngel Porr\u00faa, el poemario fue fechado por la autora en mayo de 1979, un a\u00f1o antes de su muerte. A diferencia del resto de la obra po\u00e9tica de Margarita Paz Paredes, Memorias de hospital no es de tono social, sino personal, e incluso visceral. El poemario se construye a partir de gritos, exclamaciones y expresiones de dolor f\u00edsico en la agon\u00eda de la muerte.<\/p>\n<p>100 pp \/ 10.5 x 16 cm<\/p>\n<p><strong>ISBN: 978-607-97604-3-4<\/strong><\/p>\n","protected":false},"featured_media":657,"template":"","meta":{"_acf_changed":false},"product_brand":[],"product_cat":[70],"product_tag":[],"class_list":{"0":"post-4199","1":"product","2":"type-product","3":"status-publish","4":"has-post-thumbnail","6":"product_cat-libros","8":"first","9":"outofstock","10":"shipping-taxable","11":"purchasable","12":"product-type-simple"},"acf":[],"_links":{"self":[{"href":"http:\/\/malpaisediciones.com\/sitio\/wp-json\/wp\/v2\/product\/4199","targetHints":{"allow":["GET"]}}],"collection":[{"href":"http:\/\/malpaisediciones.com\/sitio\/wp-json\/wp\/v2\/product"}],"about":[{"href":"http:\/\/malpaisediciones.com\/sitio\/wp-json\/wp\/v2\/types\/product"}],"wp:featuredmedia":[{"embeddable":true,"href":"http:\/\/malpaisediciones.com\/sitio\/wp-json\/wp\/v2\/media\/657"}],"wp:attachment":[{"href":"http:\/\/malpaisediciones.com\/sitio\/wp-json\/wp\/v2\/media?parent=4199"}],"wp:term":[{"taxonomy":"product_brand","embeddable":true,"href":"http:\/\/malpaisediciones.com\/sitio\/wp-json\/wp\/v2\/product_brand?post=4199"},{"taxonomy":"product_cat","embeddable":true,"href":"http:\/\/malpaisediciones.com\/sitio\/wp-json\/wp\/v2\/product_cat?post=4199"},{"taxonomy":"product_tag","embeddable":true,"href":"http:\/\/malpaisediciones.com\/sitio\/wp-json\/wp\/v2\/product_tag?post=4199"}],"curies":[{"name":"wp","href":"https:\/\/api.w.org\/{rel}","templated":true}]}}