{"id":4202,"date":"2025-07-08T14:37:07","date_gmt":"2025-07-08T19:37:07","guid":{"rendered":"https:\/\/malpaisediciones.com\/sitio\/?post_type=product&#038;p=4202"},"modified":"2026-03-26T12:58:09","modified_gmt":"2026-03-26T18:58:09","slug":"mercado-de-los-corotos-retrato-breve-sobre-una-estampa-curiosa","status":"publish","type":"product","link":"http:\/\/malpaisediciones.com\/sitio\/producto\/mercado-de-los-corotos-retrato-breve-sobre-una-estampa-curiosa\/","title":{"rendered":"Mercado de los corotos: retrato breve sobre una estampa curiosa"},"content":{"rendered":"<p>Autor: Augusto Bracho<\/p>\n","protected":false},"excerpt":{"rendered":"<p><strong>Augusto Bracho<\/strong><\/p>\n<p>Las m\u00faltiples cualidades que encierra el universo de un rastro de antig\u00fcedades, mercado de pulgas, o como se le suele denominar en Caracas, \u00abmercado de los corotos\u00bb, supera y seguir\u00e1 superando en muchos casos nuestro propio imaginario colectivo sobre este tipo de ferias ambulantes. Es innegable el realismo de tales exhibiciones, pues todo lo que convive all\u00ed tuvo, tiene o tendr\u00e1 una vida: historias de apariencia predecible o de secretos muy bien guardados.<br \/>\nCon esta convicci\u00f3n presente, Augusto Bracho, incansable amigo de los buenos corotos y su colorido, nutre el escenario ideal de su mercado personal; fest\u00edn de intrigas, individuos, versos, ritmos y un paisaje sonoro bien caracter\u00edstico. Este bazar, convertido en \u00e1lbum discogr\u00e1fico, con doce canciones evocadoras llenas de mucho humor \u2013fundamento de la m\u00edstica popular latinoamericana\u2013, vibra al comp\u00e1s de las manos rebeldes y la voz desnuda del propio autor. Y de la misma manera se deja iluminar por candiles din\u00e1micos que los m\u00fasicos, verdaderos artistas que le acompa\u00f1an con acertado tino, aportan a la grabaci\u00f3n.<br \/>\nLa cuidada presencia musical de este disco, con su abundante riqueza (a veces c\u00e1lida, a veces \u00e1spera) de texturas, timbres y colores, viene unida a los textos l\u00edricos particulares, complejos y no menos diversos del compositor. Coplas, d\u00e9cimas, prosa y un largo etc. conviven serenamente en todo el recorrido que Bracho y sus colegas nos ofrecen.<br \/>\n<em>Mercado de los corotos<\/em> fue registrado en Madrid, Espa\u00f1a, durante el mes de enero de 2016. Fue producido y arreglado por el reconocido compositor y m\u00fasico espa\u00f1ol Nacho Mastretta junto al propio Bracho. En la experiencia, tanto voz principal como base musical y r\u00edtmica se grabaron en directo. Los protagonistas de semejante jolgorio fueron: Augusto Bracho (voz, cuatro venezolano, guitarra, banjo, cavaqui\u00f1o y percusi\u00f3n), Pablo Navarro (contrabajo y coros), Mart\u00edn Bruhn (percusi\u00f3n y coros), Jorge \u00abCoke\u00bb Santos (percusi\u00f3n y coros), Nacho Mastretta (clarinetes, percusi\u00f3n, piano y coros), Marina Sor\u00edn (violonchelo, phonofiddle y coros), Diego Galaz (viol\u00edn-trompeta, serrucho y mandolina), Jorge Arribas (acorde\u00f3n y flauta), David Herrington (trompeta y tuba), as\u00ed como los otros coros y palmas de Cristina Villam\u00eda, Malena Merlina y Romelia \u00abMayuya\u00bb Granados. La parte t\u00e9cnica estuvo a cargo de Jos\u00e9 Mar\u00eda Rosillo y Santiago Quizhpe.<\/p>\n<p><strong>Contiene:<\/strong><br \/>\nDisco, booklet y 12 objetos por separado \/ 15.5 x 22 cm<\/p>\n","protected":false},"featured_media":710,"template":"","meta":{"_acf_changed":false},"product_brand":[],"product_cat":[70],"product_tag":[],"class_list":{"0":"post-4202","1":"product","2":"type-product","3":"status-publish","4":"has-post-thumbnail","6":"product_cat-libros","8":"first","9":"instock","10":"shipping-taxable","11":"purchasable","12":"product-type-simple"},"acf":[],"_links":{"self":[{"href":"http:\/\/malpaisediciones.com\/sitio\/wp-json\/wp\/v2\/product\/4202","targetHints":{"allow":["GET"]}}],"collection":[{"href":"http:\/\/malpaisediciones.com\/sitio\/wp-json\/wp\/v2\/product"}],"about":[{"href":"http:\/\/malpaisediciones.com\/sitio\/wp-json\/wp\/v2\/types\/product"}],"wp:featuredmedia":[{"embeddable":true,"href":"http:\/\/malpaisediciones.com\/sitio\/wp-json\/wp\/v2\/media\/710"}],"wp:attachment":[{"href":"http:\/\/malpaisediciones.com\/sitio\/wp-json\/wp\/v2\/media?parent=4202"}],"wp:term":[{"taxonomy":"product_brand","embeddable":true,"href":"http:\/\/malpaisediciones.com\/sitio\/wp-json\/wp\/v2\/product_brand?post=4202"},{"taxonomy":"product_cat","embeddable":true,"href":"http:\/\/malpaisediciones.com\/sitio\/wp-json\/wp\/v2\/product_cat?post=4202"},{"taxonomy":"product_tag","embeddable":true,"href":"http:\/\/malpaisediciones.com\/sitio\/wp-json\/wp\/v2\/product_tag?post=4202"}],"curies":[{"name":"wp","href":"https:\/\/api.w.org\/{rel}","templated":true}]}}