{"id":4216,"date":"2025-07-08T15:47:05","date_gmt":"2025-07-08T20:47:05","guid":{"rendered":"https:\/\/malpaisediciones.com\/sitio\/?post_type=product&#038;p=4216"},"modified":"2025-07-08T15:49:47","modified_gmt":"2025-07-08T20:49:47","slug":"nieve","status":"publish","type":"product","link":"http:\/\/malpaisediciones.com\/sitio\/producto\/nieve\/","title":{"rendered":"Nieve"},"content":{"rendered":"<p>Autor: Pablo Rasgado<\/p>\n","protected":false},"excerpt":{"rendered":"<p><strong>Pablo Rasgado<\/strong><\/p>\n<p><em>Nieve<\/em>, de Pablo Rasgado (ciudad de M\u00e9xico, 1984), es un libro de fotograf\u00edas que re\u00fane un conjunto de fotograf\u00edas del paisaje nevado que detona un contrapunto entre las superficies lisas y las l\u00edneas; ello se extrapola para concebir el paisaje como un espacio en constante cambio, dep\u00f3sito de las huellas que el ser humano deja en \u00e9l y, sin embargo, tambi\u00e9n inc\u00f3lume a su intrusi\u00f3n. Este es el segundo libro de Rasgado, quien se perfila como uno de los artistas pl\u00e1sticos j\u00f3venes m\u00e1s importantes en M\u00e9xico.<\/p>\n<p>72 pp \/ 21.5 x 16.5 cm<\/p>\n<p><strong>ISBN: 978-607-00-4710-7<\/strong><\/p>\n","protected":false},"featured_media":122,"template":"","meta":{"_acf_changed":false},"product_brand":[],"product_cat":[70],"product_tag":[],"class_list":{"0":"post-4216","1":"product","2":"type-product","3":"status-publish","4":"has-post-thumbnail","6":"product_cat-libros","8":"first","9":"instock","10":"shipping-taxable","11":"purchasable","12":"product-type-simple"},"acf":[],"_links":{"self":[{"href":"http:\/\/malpaisediciones.com\/sitio\/wp-json\/wp\/v2\/product\/4216","targetHints":{"allow":["GET"]}}],"collection":[{"href":"http:\/\/malpaisediciones.com\/sitio\/wp-json\/wp\/v2\/product"}],"about":[{"href":"http:\/\/malpaisediciones.com\/sitio\/wp-json\/wp\/v2\/types\/product"}],"wp:featuredmedia":[{"embeddable":true,"href":"http:\/\/malpaisediciones.com\/sitio\/wp-json\/wp\/v2\/media\/122"}],"wp:attachment":[{"href":"http:\/\/malpaisediciones.com\/sitio\/wp-json\/wp\/v2\/media?parent=4216"}],"wp:term":[{"taxonomy":"product_brand","embeddable":true,"href":"http:\/\/malpaisediciones.com\/sitio\/wp-json\/wp\/v2\/product_brand?post=4216"},{"taxonomy":"product_cat","embeddable":true,"href":"http:\/\/malpaisediciones.com\/sitio\/wp-json\/wp\/v2\/product_cat?post=4216"},{"taxonomy":"product_tag","embeddable":true,"href":"http:\/\/malpaisediciones.com\/sitio\/wp-json\/wp\/v2\/product_tag?post=4216"}],"curies":[{"name":"wp","href":"https:\/\/api.w.org\/{rel}","templated":true}]}}