{"id":4219,"date":"2025-07-08T15:50:17","date_gmt":"2025-07-08T20:50:17","guid":{"rendered":"https:\/\/malpaisediciones.com\/sitio\/?post_type=product&#038;p=4219"},"modified":"2025-07-08T15:52:47","modified_gmt":"2025-07-08T20:52:47","slug":"max-rojas-obra-primera-1958-1986","status":"publish","type":"product","link":"http:\/\/malpaisediciones.com\/sitio\/producto\/max-rojas-obra-primera-1958-1986\/","title":{"rendered":"Max Rojas, Obra primera (1958-1986)"},"content":{"rendered":"<p>Autor: Max Rojas<\/p>\n","protected":false},"excerpt":{"rendered":"<p><!-- wp:paragraph --><\/p>\n<p><strong>Max Rojas<\/strong><\/p>\n<p><!-- \/wp:paragraph --><\/p>\n<p><!-- wp:paragraph --><\/p>\n<p>Obra primera (1958-1986), del poeta mexicano Max Rojas (ciudad de M\u00e9xico, 1940), re\u00fane la obra publicada en siglo XX por el autor, antes de guardar silencio por m\u00e1s de treinta a\u00f1os; esta edici\u00f3n engloba dos de los libros m\u00e1s influyentes en las nuevas generaciones de poetas mexicanos, <em>El turno del aullante<\/em> y <em>Ser en la sombra<\/em>, en ediciones definitivas, revisadas y corregidas por el autor, adem\u00e1s de <em>Vencedor de otras batallas<\/em>, fragmento de novela in\u00e9dito.<\/p>\n<p><!-- \/wp:paragraph --><\/p>\n<p><!-- wp:paragraph --><\/p>\n<p>100 pp \/ 18 x 25 cm<\/p>\n<p><!-- \/wp:paragraph --><\/p>\n<p><!-- wp:paragraph --><\/p>\n<p><strong>ISBN: 978-607-00-3679-8<\/strong><\/p>\n<p><!-- \/wp:paragraph --><\/p>\n","protected":false},"featured_media":129,"template":"","meta":{"_acf_changed":false},"product_brand":[],"product_cat":[70],"product_tag":[],"class_list":{"0":"post-4219","1":"product","2":"type-product","3":"status-publish","4":"has-post-thumbnail","6":"product_cat-libros","8":"first","9":"outofstock","10":"shipping-taxable","11":"product-type-simple"},"acf":[],"_links":{"self":[{"href":"http:\/\/malpaisediciones.com\/sitio\/wp-json\/wp\/v2\/product\/4219","targetHints":{"allow":["GET"]}}],"collection":[{"href":"http:\/\/malpaisediciones.com\/sitio\/wp-json\/wp\/v2\/product"}],"about":[{"href":"http:\/\/malpaisediciones.com\/sitio\/wp-json\/wp\/v2\/types\/product"}],"wp:featuredmedia":[{"embeddable":true,"href":"http:\/\/malpaisediciones.com\/sitio\/wp-json\/wp\/v2\/media\/129"}],"wp:attachment":[{"href":"http:\/\/malpaisediciones.com\/sitio\/wp-json\/wp\/v2\/media?parent=4219"}],"wp:term":[{"taxonomy":"product_brand","embeddable":true,"href":"http:\/\/malpaisediciones.com\/sitio\/wp-json\/wp\/v2\/product_brand?post=4219"},{"taxonomy":"product_cat","embeddable":true,"href":"http:\/\/malpaisediciones.com\/sitio\/wp-json\/wp\/v2\/product_cat?post=4219"},{"taxonomy":"product_tag","embeddable":true,"href":"http:\/\/malpaisediciones.com\/sitio\/wp-json\/wp\/v2\/product_tag?post=4219"}],"curies":[{"name":"wp","href":"https:\/\/api.w.org\/{rel}","templated":true}]}}