{"id":4223,"date":"2025-07-08T15:53:25","date_gmt":"2025-07-08T20:53:25","guid":{"rendered":"https:\/\/malpaisediciones.com\/sitio\/?post_type=product&#038;p=4223"},"modified":"2025-07-08T15:56:55","modified_gmt":"2025-07-08T20:56:55","slug":"pandenomics","status":"publish","type":"product","link":"http:\/\/malpaisediciones.com\/sitio\/producto\/pandenomics\/","title":{"rendered":"Pandenomics"},"content":{"rendered":"<p>Autor: Diego Casta\u00f1eda Garza<\/p>\n","protected":false},"excerpt":{"rendered":"<p><strong>Diego Casta\u00f1eda Garza<\/strong><\/p>\n<p>La pandemia del Covid-19 ha trastocado cada aspecto de nuestra realidad, ha cambiado nuestra vida inmediata y ha puesto a nuestras sociedades ante la incertidumbre. Si bien vivimos actualmente una situaci\u00f3n extraordinaria, no es del todo desconocida. A lo largo de la historia, el ser humano ha enfrentado diferentes pandemias y ha aprendido valiosas lecciones de ellas. Pandenomics, que originalmente fue un podcast miniserie transmitido por NoFM Radio, es un libro en que el historiador econ\u00f3mico Diego Casta\u00f1eda realiza un recorrido por los cambios pol\u00edticos, econ\u00f3micos y sociales que han dejado como consecuencias las grandes pandemias desde la Antig\u00fcedad hasta el Covid-19. As\u00ed, podemos ver el nacimiento de herramientas que usamos hoy en d\u00eda como las cuarentenas, la importancia de una pol\u00edtica p\u00fablica adecuada y, sobre todo, que cada crisis ha abierto una puerta que nos preparada mejor no s\u00f3lo para salvar vidas, sino para hacer el mundo un poco m\u00e1s justo.<\/p>\n<p><strong>Coedici\u00f3n:<\/strong> UNAM<\/p>\n<p><strong>Ilustraciones:<\/strong> Pamela Medina<\/p>\n<p>144 pp \/ 14 x 21 cm<\/p>\n<p><strong>ISBN: 978-607-98050-6-7<\/strong><\/p>\n","protected":false},"featured_media":3671,"template":"","meta":{"_acf_changed":false},"product_brand":[],"product_cat":[70],"product_tag":[],"class_list":{"0":"post-4223","1":"product","2":"type-product","3":"status-publish","4":"has-post-thumbnail","6":"product_cat-libros","8":"first","9":"instock","10":"shipping-taxable","11":"purchasable","12":"product-type-simple"},"acf":[],"_links":{"self":[{"href":"http:\/\/malpaisediciones.com\/sitio\/wp-json\/wp\/v2\/product\/4223","targetHints":{"allow":["GET"]}}],"collection":[{"href":"http:\/\/malpaisediciones.com\/sitio\/wp-json\/wp\/v2\/product"}],"about":[{"href":"http:\/\/malpaisediciones.com\/sitio\/wp-json\/wp\/v2\/types\/product"}],"wp:featuredmedia":[{"embeddable":true,"href":"http:\/\/malpaisediciones.com\/sitio\/wp-json\/wp\/v2\/media\/3671"}],"wp:attachment":[{"href":"http:\/\/malpaisediciones.com\/sitio\/wp-json\/wp\/v2\/media?parent=4223"}],"wp:term":[{"taxonomy":"product_brand","embeddable":true,"href":"http:\/\/malpaisediciones.com\/sitio\/wp-json\/wp\/v2\/product_brand?post=4223"},{"taxonomy":"product_cat","embeddable":true,"href":"http:\/\/malpaisediciones.com\/sitio\/wp-json\/wp\/v2\/product_cat?post=4223"},{"taxonomy":"product_tag","embeddable":true,"href":"http:\/\/malpaisediciones.com\/sitio\/wp-json\/wp\/v2\/product_tag?post=4223"}],"curies":[{"name":"wp","href":"https:\/\/api.w.org\/{rel}","templated":true}]}}