{"id":4406,"date":"2026-03-26T12:50:31","date_gmt":"2026-03-26T18:50:31","guid":{"rendered":"https:\/\/malpaisediciones.com\/sitio\/?post_type=product&#038;p=4406"},"modified":"2026-03-26T12:50:31","modified_gmt":"2026-03-26T18:50:31","slug":"there-was-perhaps-segunda-edicion","status":"publish","type":"product","link":"http:\/\/malpaisediciones.com\/sitio\/producto\/there-was-perhaps-segunda-edicion\/","title":{"rendered":"There was perhaps. Segunda edici\u00f3n"},"content":{"rendered":"<p>Autora: Alejandra Espa\u00f1a<\/p>\n","protected":false},"excerpt":{"rendered":"<p><strong>Alejandra Espa\u00f1a<\/strong><\/p>\n<p>En There was perhaps, de Alejandra Espa\u00f1a, problematiza nuestra manera de leer obra gr\u00e1fica y poes\u00eda, con las posibilidades de la multivocidad y con las distintas variables de exponer un poema sobre la hoja impresa. El poema no es fijo, se distorsiona, interact\u00faa creativamente con el lector, quien participa de forma activa en la creaci\u00f3n del poema y su entra\u00f1amiento con la obra gr\u00e1fica. Espa\u00f1a lleva a la praxis lo que Ulises Carri\u00f3n apuntaba: \u00abPara leer el arte viejo basta con conocer el abecedario. Para leer el arte nuevo es preciso aprender el libro en tanto que estructura, identificar sus elementos y entender la funci\u00f3n de \u00e9stos\u00bb. Tiraje de 400 ejemplares, numerados y firmados por la autora.<\/p>\n<p><strong>Ilustraciones de: Alejandra Espa\u00f1a<\/strong><\/p>\n<p>Reimpresi\u00f3n. Coedici\u00f3n con CAM Galer\u00eda<\/p>\n<p>108 pp \/ 13.5 x 20.5 cm<\/p>\n","protected":false},"featured_media":4383,"template":"","meta":{"_acf_changed":false},"product_brand":[],"product_cat":[70],"product_tag":[],"class_list":{"0":"post-4406","1":"product","2":"type-product","3":"status-publish","4":"has-post-thumbnail","6":"product_cat-libros","8":"first","9":"instock","10":"shipping-taxable","11":"purchasable","12":"product-type-simple"},"acf":[],"_links":{"self":[{"href":"http:\/\/malpaisediciones.com\/sitio\/wp-json\/wp\/v2\/product\/4406","targetHints":{"allow":["GET"]}}],"collection":[{"href":"http:\/\/malpaisediciones.com\/sitio\/wp-json\/wp\/v2\/product"}],"about":[{"href":"http:\/\/malpaisediciones.com\/sitio\/wp-json\/wp\/v2\/types\/product"}],"wp:featuredmedia":[{"embeddable":true,"href":"http:\/\/malpaisediciones.com\/sitio\/wp-json\/wp\/v2\/media\/4383"}],"wp:attachment":[{"href":"http:\/\/malpaisediciones.com\/sitio\/wp-json\/wp\/v2\/media?parent=4406"}],"wp:term":[{"taxonomy":"product_brand","embeddable":true,"href":"http:\/\/malpaisediciones.com\/sitio\/wp-json\/wp\/v2\/product_brand?post=4406"},{"taxonomy":"product_cat","embeddable":true,"href":"http:\/\/malpaisediciones.com\/sitio\/wp-json\/wp\/v2\/product_cat?post=4406"},{"taxonomy":"product_tag","embeddable":true,"href":"http:\/\/malpaisediciones.com\/sitio\/wp-json\/wp\/v2\/product_tag?post=4406"}],"curies":[{"name":"wp","href":"https:\/\/api.w.org\/{rel}","templated":true}]}}