{"id":4407,"date":"2026-03-26T12:52:38","date_gmt":"2026-03-26T18:52:38","guid":{"rendered":"https:\/\/malpaisediciones.com\/sitio\/?post_type=product&#038;p=4407"},"modified":"2026-03-26T12:52:38","modified_gmt":"2026-03-26T18:52:38","slug":"discursos-y-paisajes","status":"publish","type":"product","link":"http:\/\/malpaisediciones.com\/sitio\/producto\/discursos-y-paisajes\/","title":{"rendered":"Discursos y paisajes"},"content":{"rendered":"<p>Autor: Felipe Bracho Cruz-Gonz\u00e1lez<\/p>\n","protected":false},"excerpt":{"rendered":"<p><strong>Felipe Bracho Cruz-Gonz\u00e1lez<\/strong><\/p>\n<p>En 2024, M\u00e9xico gener\u00f3 25 mil toneladas de basura electoral s\u00f3lo en la CDMX. Fueron las elecciones m\u00e1s grandes del pa\u00eds. Y esas toneladas de basura, esos muros pintados, esos postes y esos paisajes, se quedan as\u00ed. No hay marcha atr\u00e1s, ni en la memoria compartida de la ciudad ni en el impacto ambiental que esto pueda acarrear.\u00a0<em>Discursos y paisajes<\/em>, de Felipe Bracho Cruz-Gonz\u00e1lez, es un ensayo fotogr\u00e1fico sobre los nombres, rostros y siglas que, m\u00e1s all\u00e1 de las elecciones, contaminan visualmente nuestra vida cotidiana.<\/p>\n<p>Fotograf\u00edas de: Felipe Bracho Cruz-Gonz\u00e1lez<\/p>\n<p>44 pp \/ 20 x 14 cm<\/p>\n","protected":false},"featured_media":4387,"template":"","meta":{"_acf_changed":false},"product_brand":[],"product_cat":[70],"product_tag":[],"class_list":{"0":"post-4407","1":"product","2":"type-product","3":"status-publish","4":"has-post-thumbnail","6":"product_cat-libros","8":"first","9":"instock","10":"shipping-taxable","11":"purchasable","12":"product-type-simple"},"acf":[],"_links":{"self":[{"href":"http:\/\/malpaisediciones.com\/sitio\/wp-json\/wp\/v2\/product\/4407","targetHints":{"allow":["GET"]}}],"collection":[{"href":"http:\/\/malpaisediciones.com\/sitio\/wp-json\/wp\/v2\/product"}],"about":[{"href":"http:\/\/malpaisediciones.com\/sitio\/wp-json\/wp\/v2\/types\/product"}],"wp:featuredmedia":[{"embeddable":true,"href":"http:\/\/malpaisediciones.com\/sitio\/wp-json\/wp\/v2\/media\/4387"}],"wp:attachment":[{"href":"http:\/\/malpaisediciones.com\/sitio\/wp-json\/wp\/v2\/media?parent=4407"}],"wp:term":[{"taxonomy":"product_brand","embeddable":true,"href":"http:\/\/malpaisediciones.com\/sitio\/wp-json\/wp\/v2\/product_brand?post=4407"},{"taxonomy":"product_cat","embeddable":true,"href":"http:\/\/malpaisediciones.com\/sitio\/wp-json\/wp\/v2\/product_cat?post=4407"},{"taxonomy":"product_tag","embeddable":true,"href":"http:\/\/malpaisediciones.com\/sitio\/wp-json\/wp\/v2\/product_tag?post=4407"}],"curies":[{"name":"wp","href":"https:\/\/api.w.org\/{rel}","templated":true}]}}