{"id":4121,"date":"2025-07-07T16:56:16","date_gmt":"2025-07-07T21:56:16","guid":{"rendered":"https:\/\/malpaisediciones.com\/sitio\/?post_type=product&#038;p=4121"},"modified":"2025-07-07T17:06:15","modified_gmt":"2025-07-07T22:06:15","slug":"archivo-max-rojas","status":"publish","type":"product","link":"https:\/\/malpaisediciones.com\/sitio\/producto\/archivo-max-rojas\/","title":{"rendered":"Archivo Max Rojas"},"content":{"rendered":"<p>Autor: Max Rojas<\/p>\n","protected":false},"excerpt":{"rendered":"<h2>Archivo Max Rojas<\/h2>\n<div class=\"description\">\n<p><strong>Max Rojas<\/strong><\/p>\n<p>Est\u00e1 integrado por los libros \u00abEl turno del aullante\u00bb, \u00abSer en la sombra\u00bb y un \u00abAp\u00e9ndice cr\u00edtico\u00bb, el cual est\u00e1 conformado por dos ensayos sobre la obra de Rojas y dos cartas de los poetas cubanos Cintio Vitier y Fina Garc\u00eda Marruz. Asimismo una postal con la imagen de Max Rojas. Una edici\u00f3n conmemorativa por los 45 y 30 a\u00f1os de estas obras. El tiraje es de 400 ejemplares numerados.<\/p>\n<p><strong>Ilustraciones de:<\/strong> Richard Zela<\/p>\n<p>3 libros de 17 x 21.5 cm<\/p>\n<p><strong>ISBN: 978-607-96644-8-0<\/strong><\/p>\n<div class=\"meta-title\"><\/div>\n<\/div>\n","protected":false},"featured_media":497,"template":"","meta":{"_acf_changed":false},"product_brand":[],"product_cat":[70],"product_tag":[],"class_list":{"0":"post-4121","1":"product","2":"type-product","3":"status-publish","4":"has-post-thumbnail","6":"product_cat-libros","8":"first","9":"outofstock","10":"shipping-taxable","11":"product-type-simple"},"acf":[],"_links":{"self":[{"href":"https:\/\/malpaisediciones.com\/sitio\/wp-json\/wp\/v2\/product\/4121","targetHints":{"allow":["GET"]}}],"collection":[{"href":"https:\/\/malpaisediciones.com\/sitio\/wp-json\/wp\/v2\/product"}],"about":[{"href":"https:\/\/malpaisediciones.com\/sitio\/wp-json\/wp\/v2\/types\/product"}],"wp:featuredmedia":[{"embeddable":true,"href":"https:\/\/malpaisediciones.com\/sitio\/wp-json\/wp\/v2\/media\/497"}],"wp:attachment":[{"href":"https:\/\/malpaisediciones.com\/sitio\/wp-json\/wp\/v2\/media?parent=4121"}],"wp:term":[{"taxonomy":"product_brand","embeddable":true,"href":"https:\/\/malpaisediciones.com\/sitio\/wp-json\/wp\/v2\/product_brand?post=4121"},{"taxonomy":"product_cat","embeddable":true,"href":"https:\/\/malpaisediciones.com\/sitio\/wp-json\/wp\/v2\/product_cat?post=4121"},{"taxonomy":"product_tag","embeddable":true,"href":"https:\/\/malpaisediciones.com\/sitio\/wp-json\/wp\/v2\/product_tag?post=4121"}],"curies":[{"name":"wp","href":"https:\/\/api.w.org\/{rel}","templated":true}]}}