{"id":4124,"date":"2025-07-07T21:49:17","date_gmt":"2025-07-08T02:49:17","guid":{"rendered":"https:\/\/malpaisediciones.com\/sitio\/?post_type=product&#038;p=4124"},"modified":"2025-07-07T21:53:43","modified_gmt":"2025-07-08T02:53:43","slug":"arena-mestiza","status":"publish","type":"product","link":"https:\/\/malpaisediciones.com\/sitio\/producto\/arena-mestiza\/","title":{"rendered":"Arena mestiza"},"content":{"rendered":"<p>Autor: Daniel T\u00e9llez<\/p>\n","protected":false},"excerpt":{"rendered":"<p><strong>Daniel Tell\u00e9z<\/strong><\/p>\n<p><em>Arena mestiza<\/em> es un tensa y estridente disecci\u00f3n del mundo de los encordados, de los gladiadores que se muestran escindidos, deshebrados, al contar sus haza\u00f1as, sus glorias y sus reveses idos, pero siempre resonantes en las arenas, entre el bullicio, las mentadas, las m\u00e1scaras y las playeras de los fan\u00e1ticos. La lucha libre mexicana llevada por primera vez y de manera central a un libro de poes\u00eda, no como una moda, sino con la sapiencia que da el probar la propia sangre y la ajena sobre el ring. Daniel T\u00e9llez nos entrega con <em>Arena mestiza <\/em>su testimonio y homenaje a ser luchador en M\u00e9xico.<\/p>\n<p><strong>Ilustraciones de:<\/strong> Edgar MT<\/p>\n<p>134 pp \/ 12.5 x 19 cm<\/p>\n<p><strong>ISBN: 978-607-29-0698-3<\/strong><\/p>\n","protected":false},"featured_media":629,"template":"","meta":{"_acf_changed":false},"product_brand":[],"product_cat":[70],"product_tag":[],"class_list":{"0":"post-4124","1":"product","2":"type-product","3":"status-publish","4":"has-post-thumbnail","6":"product_cat-libros","8":"first","9":"outofstock","10":"shipping-taxable","11":"product-type-simple"},"acf":[],"_links":{"self":[{"href":"https:\/\/malpaisediciones.com\/sitio\/wp-json\/wp\/v2\/product\/4124","targetHints":{"allow":["GET"]}}],"collection":[{"href":"https:\/\/malpaisediciones.com\/sitio\/wp-json\/wp\/v2\/product"}],"about":[{"href":"https:\/\/malpaisediciones.com\/sitio\/wp-json\/wp\/v2\/types\/product"}],"wp:featuredmedia":[{"embeddable":true,"href":"https:\/\/malpaisediciones.com\/sitio\/wp-json\/wp\/v2\/media\/629"}],"wp:attachment":[{"href":"https:\/\/malpaisediciones.com\/sitio\/wp-json\/wp\/v2\/media?parent=4124"}],"wp:term":[{"taxonomy":"product_brand","embeddable":true,"href":"https:\/\/malpaisediciones.com\/sitio\/wp-json\/wp\/v2\/product_brand?post=4124"},{"taxonomy":"product_cat","embeddable":true,"href":"https:\/\/malpaisediciones.com\/sitio\/wp-json\/wp\/v2\/product_cat?post=4124"},{"taxonomy":"product_tag","embeddable":true,"href":"https:\/\/malpaisediciones.com\/sitio\/wp-json\/wp\/v2\/product_tag?post=4124"}],"curies":[{"name":"wp","href":"https:\/\/api.w.org\/{rel}","templated":true}]}}