{"id":4129,"date":"2025-07-07T21:58:01","date_gmt":"2025-07-08T02:58:01","guid":{"rendered":"https:\/\/malpaisediciones.com\/sitio\/?post_type=product&#038;p=4129"},"modified":"2025-07-07T22:00:28","modified_gmt":"2025-07-08T03:00:28","slug":"caida-del-bufalo-sin-nombre-ensayos-sobre-el-suicidio","status":"publish","type":"product","link":"https:\/\/malpaisediciones.com\/sitio\/producto\/caida-del-bufalo-sin-nombre-ensayos-sobre-el-suicidio\/","title":{"rendered":"Ca\u00edda del b\u00fafalo sin nombre. Ensayos sobre el suicidio"},"content":{"rendered":"<p>Autor: Alejandro Tarrab<\/p>\n","protected":false},"excerpt":{"rendered":"<p><strong>Alejandro Tarrab<\/strong><\/p>\n<p>Es un libro que se resiste a la facilidad de ser catalogado \u00fanicamente sobre ensayos, cr\u00edtica de cine, eleg\u00eda, autobiograf\u00eda, poes\u00eda, y disertaci\u00f3n religiosa. Precisamente su objetivo es conducir al lector al trabajo que exige cuestionar y reflexionar desde distintas visiones el tema del suicidio y, de esta forma, extraer de al cueva a los innombrables, a los b\u00fafalos tatuados de las rocas regadas en la memoria.<br \/>\n<em>Robert Rinc\u00f3n<\/em><\/p>\n<p><strong>Ilustraciones de:<\/strong> Coral Medrano<\/p>\n<p><strong>Coedici\u00f3n con:<\/strong> <a href=\"https:\/\/twitter.com\/mantarrayaed?lang=es\">Mantarraya Ediciones<\/a><\/p>\n<p>160 pp \/14 x 21 cm<\/p>\n<p><strong>ISBN: 978-607-97604-0-3<\/strong><\/p>\n","protected":false},"featured_media":469,"template":"","meta":{"_acf_changed":false},"product_brand":[],"product_cat":[70],"product_tag":[],"class_list":{"0":"post-4129","1":"product","2":"type-product","3":"status-publish","4":"has-post-thumbnail","6":"product_cat-libros","8":"first","9":"outofstock","10":"shipping-taxable","11":"product-type-simple"},"acf":[],"_links":{"self":[{"href":"https:\/\/malpaisediciones.com\/sitio\/wp-json\/wp\/v2\/product\/4129","targetHints":{"allow":["GET"]}}],"collection":[{"href":"https:\/\/malpaisediciones.com\/sitio\/wp-json\/wp\/v2\/product"}],"about":[{"href":"https:\/\/malpaisediciones.com\/sitio\/wp-json\/wp\/v2\/types\/product"}],"wp:featuredmedia":[{"embeddable":true,"href":"https:\/\/malpaisediciones.com\/sitio\/wp-json\/wp\/v2\/media\/469"}],"wp:attachment":[{"href":"https:\/\/malpaisediciones.com\/sitio\/wp-json\/wp\/v2\/media?parent=4129"}],"wp:term":[{"taxonomy":"product_brand","embeddable":true,"href":"https:\/\/malpaisediciones.com\/sitio\/wp-json\/wp\/v2\/product_brand?post=4129"},{"taxonomy":"product_cat","embeddable":true,"href":"https:\/\/malpaisediciones.com\/sitio\/wp-json\/wp\/v2\/product_cat?post=4129"},{"taxonomy":"product_tag","embeddable":true,"href":"https:\/\/malpaisediciones.com\/sitio\/wp-json\/wp\/v2\/product_tag?post=4129"}],"curies":[{"name":"wp","href":"https:\/\/api.w.org\/{rel}","templated":true}]}}