{"id":4132,"date":"2025-07-08T12:05:38","date_gmt":"2025-07-08T17:05:38","guid":{"rendered":"https:\/\/malpaisediciones.com\/sitio\/?post_type=product&#038;p=4132"},"modified":"2025-07-08T12:15:33","modified_gmt":"2025-07-08T17:15:33","slug":"contracanto","status":"publish","type":"product","link":"https:\/\/malpaisediciones.com\/sitio\/producto\/contracanto\/","title":{"rendered":"Contracanto"},"content":{"rendered":"<p>Autor: Iv\u00e1n Cruz Osorio<\/p>\n","protected":false},"excerpt":{"rendered":"<p><!-- wp:paragraph --><\/p>\n<p><strong>Iv\u00e1n Cruz Osorio<\/strong><\/p>\n<p><!-- \/wp:paragraph --><\/p>\n<p><!-- wp:paragraph --><\/p>\n<p>En <em>Contracanto<\/em>, el poeta Iv\u00e1n Cruz Osorio mira hacia la enorme patria que le descubren las extensiones abiertas de sus hombres m\u00e1s grandes y, desde su estirpe latinoamericana, que siente la historia y la sinfon\u00eda del proceder humano de su tiempo, arde en el fervor bolivariano, como tantos otros due\u00f1os de esa flama, m\u00e1s universal, latinoamericana. El poeta halla en el bosque latinoamericano una f\u00e9rtil pluralidad de nombres que abren sus realidades hacia los cuatro puntos cardinales de esta Am\u00e9rica nuestra, que recolectan e impulsan un pu\u00f1ado de sue\u00f1os, un pu\u00f1ado de ascensos desatados sobre la superficie abrasada a percibir y revelar la vida, de otra manera. Urgente reconstrucci\u00f3n de la esperanza, v\u00eda la iron\u00eda y el sarcasmo, y una l\u00facida mirada allende la dignidad y la reflexi\u00f3n, <em>Contracanto<\/em> de Iv\u00e1n Cruz Osorio, labra un di\u00e1logo indisoluble con la historia, factura una plegaria para guardar la compostura ante el fulgor y la miseria que exhibe nuestro destino. <em>Contracanto<\/em> es una celebraci\u00f3n de la conciencia justamente en el instante de su disoluci\u00f3n.<br \/>(Daniel T\u00e9llez).<\/p>\n<p><!-- \/wp:paragraph --><\/p>\n<p><!-- wp:paragraph --><\/p>\n<p>88 pp \/ 17 x 21.5 cm<\/p>\n<p><!-- \/wp:paragraph --><\/p>\n<p><!-- wp:paragraph --><\/p>\n<p><strong>Edici\u00f3n agotada<\/strong><\/p>\n<p><!-- \/wp:paragraph --><\/p>\n","protected":false},"featured_media":103,"template":"","meta":{"_acf_changed":false},"product_brand":[],"product_cat":[70],"product_tag":[],"class_list":{"0":"post-4132","1":"product","2":"type-product","3":"status-publish","4":"has-post-thumbnail","6":"product_cat-libros","8":"first","9":"outofstock","10":"shipping-taxable","11":"product-type-simple"},"acf":[],"_links":{"self":[{"href":"https:\/\/malpaisediciones.com\/sitio\/wp-json\/wp\/v2\/product\/4132","targetHints":{"allow":["GET"]}}],"collection":[{"href":"https:\/\/malpaisediciones.com\/sitio\/wp-json\/wp\/v2\/product"}],"about":[{"href":"https:\/\/malpaisediciones.com\/sitio\/wp-json\/wp\/v2\/types\/product"}],"wp:featuredmedia":[{"embeddable":true,"href":"https:\/\/malpaisediciones.com\/sitio\/wp-json\/wp\/v2\/media\/103"}],"wp:attachment":[{"href":"https:\/\/malpaisediciones.com\/sitio\/wp-json\/wp\/v2\/media?parent=4132"}],"wp:term":[{"taxonomy":"product_brand","embeddable":true,"href":"https:\/\/malpaisediciones.com\/sitio\/wp-json\/wp\/v2\/product_brand?post=4132"},{"taxonomy":"product_cat","embeddable":true,"href":"https:\/\/malpaisediciones.com\/sitio\/wp-json\/wp\/v2\/product_cat?post=4132"},{"taxonomy":"product_tag","embeddable":true,"href":"https:\/\/malpaisediciones.com\/sitio\/wp-json\/wp\/v2\/product_tag?post=4132"}],"curies":[{"name":"wp","href":"https:\/\/api.w.org\/{rel}","templated":true}]}}