{"id":4151,"date":"2025-07-08T13:00:36","date_gmt":"2025-07-08T18:00:36","guid":{"rendered":"https:\/\/malpaisediciones.com\/sitio\/?post_type=product&#038;p=4151"},"modified":"2025-07-08T13:03:54","modified_gmt":"2025-07-08T18:03:54","slug":"el-paseante","status":"publish","type":"product","link":"https:\/\/malpaisediciones.com\/sitio\/producto\/el-paseante\/","title":{"rendered":"El Paseante"},"content":{"rendered":"<p>Autor: Antonio Calera-Grobet<\/p>\n","protected":false},"excerpt":{"rendered":"<p><!-- wp:paragraph --><\/p>\n<p><strong>Antonio Calera-Grobet<\/strong><\/p>\n<p><!-- \/wp:paragraph --><\/p>\n<p><!-- wp:paragraph --><\/p>\n<p>Con <em>El Paseante<\/em>, Antonio Calera-Grobet se apropia del mundo en forma sibar\u00edtica, lo degusta y desmenuza, no teme comer hasta el hartazgo y as\u00ed nos lo hace saber. Nos convida de este ejercicio gozoso de memoria y andanzas, construido con frases cercanas al aforismo. Estamos, as\u00ed, frente a la obra de un paseante consumado, contumaz, que entiende a la perfecci\u00f3n que la hoguera de la memoria, y de la creatividad art\u00edstica, arde m\u00e1s si se alimenta con pasos.<br \/><em>Aldo Rosales Vel\u00e1zquez<\/em><\/p>\n<p><!-- \/wp:paragraph --><\/p>\n<p><!-- wp:paragraph --><\/p>\n<p><strong>Ilustraciones de:<\/strong> Jos\u00e9 (Perro Dibujado)<\/p>\n<p><!-- \/wp:paragraph --><\/p>\n<p><!-- wp:paragraph --><\/p>\n<p>160 pp \/ 12 x 19 cm<\/p>\n<p><!-- \/wp:paragraph --><\/p>\n<p><!-- wp:paragraph --><\/p>\n<p><strong>ISBN: 978-607-96644-6-6<\/strong><\/p>\n<p><!-- \/wp:paragraph --><\/p>\n","protected":false},"featured_media":427,"template":"","meta":{"_acf_changed":false},"product_brand":[],"product_cat":[70],"product_tag":[],"class_list":{"0":"post-4151","1":"product","2":"type-product","3":"status-publish","4":"has-post-thumbnail","6":"product_cat-libros","8":"first","9":"outofstock","10":"shipping-taxable","11":"product-type-simple"},"acf":[],"_links":{"self":[{"href":"https:\/\/malpaisediciones.com\/sitio\/wp-json\/wp\/v2\/product\/4151","targetHints":{"allow":["GET"]}}],"collection":[{"href":"https:\/\/malpaisediciones.com\/sitio\/wp-json\/wp\/v2\/product"}],"about":[{"href":"https:\/\/malpaisediciones.com\/sitio\/wp-json\/wp\/v2\/types\/product"}],"wp:featuredmedia":[{"embeddable":true,"href":"https:\/\/malpaisediciones.com\/sitio\/wp-json\/wp\/v2\/media\/427"}],"wp:attachment":[{"href":"https:\/\/malpaisediciones.com\/sitio\/wp-json\/wp\/v2\/media?parent=4151"}],"wp:term":[{"taxonomy":"product_brand","embeddable":true,"href":"https:\/\/malpaisediciones.com\/sitio\/wp-json\/wp\/v2\/product_brand?post=4151"},{"taxonomy":"product_cat","embeddable":true,"href":"https:\/\/malpaisediciones.com\/sitio\/wp-json\/wp\/v2\/product_cat?post=4151"},{"taxonomy":"product_tag","embeddable":true,"href":"https:\/\/malpaisediciones.com\/sitio\/wp-json\/wp\/v2\/product_tag?post=4151"}],"curies":[{"name":"wp","href":"https:\/\/api.w.org\/{rel}","templated":true}]}}