{"id":4157,"date":"2025-07-08T13:09:20","date_gmt":"2025-07-08T18:09:20","guid":{"rendered":"https:\/\/malpaisediciones.com\/sitio\/?post_type=product&#038;p=4157"},"modified":"2025-07-08T13:11:31","modified_gmt":"2025-07-08T18:11:31","slug":"el-retorno-y-otros-poemas","status":"publish","type":"product","link":"https:\/\/malpaisediciones.com\/sitio\/producto\/el-retorno-y-otros-poemas\/","title":{"rendered":"El Retorno y otros poemas"},"content":{"rendered":"<p>Autor: Miguel Guardia<\/p>\n","protected":false},"excerpt":{"rendered":"<p><strong>Miguel Guardia<\/strong><\/p>\n<p>\u201c<em>El retorno<\/em> concluye con una \u201cEleg\u00eda\u201d, justamente un poema que tradicionalmente funciona como una evocaci\u00f3n de la muerte y como un himno a la vida, este libro no es la excepci\u00f3n, s\u00f3lo que no hay una persona precisa a quien se escriba esta \u201cEleg\u00eda\u201d, pero a lo largo del poemario podemos seguir un eje que conduce hacia la muerte, a la del mismo sujeto l\u00edrico, quiz\u00e1s, y que al dejar de hablar por s\u00ed mismo, permite hablar a los otros a trav\u00e9s de \u00e9l. De ser as\u00ed, se trata entonces de un proceso de iniciaci\u00f3n, una muerte simb\u00f3lica que conduce a la purificaci\u00f3n del ser. En todo el poemario se habla acerca de la muerte, la degradaci\u00f3n, el paso del tiempo, pero hay una posibilidad de redenci\u00f3n que se conseguir\u00e1 por medio de la poes\u00eda, el amor y la fraternidad.\u201d Jocelyn Mart\u00ednez Elizalde.<\/p>\n<p>104 pp \/ 10.5 x 16 cm<\/p>\n<p><strong>ISBN: 978-607-96628-1-3<\/strong><\/p>\n","protected":false},"featured_media":238,"template":"","meta":{"_acf_changed":false},"product_brand":[],"product_cat":[70],"product_tag":[],"class_list":{"0":"post-4157","1":"product","2":"type-product","3":"status-publish","4":"has-post-thumbnail","6":"product_cat-libros","8":"first","9":"outofstock","10":"shipping-taxable","11":"product-type-simple"},"acf":[],"_links":{"self":[{"href":"https:\/\/malpaisediciones.com\/sitio\/wp-json\/wp\/v2\/product\/4157","targetHints":{"allow":["GET"]}}],"collection":[{"href":"https:\/\/malpaisediciones.com\/sitio\/wp-json\/wp\/v2\/product"}],"about":[{"href":"https:\/\/malpaisediciones.com\/sitio\/wp-json\/wp\/v2\/types\/product"}],"wp:featuredmedia":[{"embeddable":true,"href":"https:\/\/malpaisediciones.com\/sitio\/wp-json\/wp\/v2\/media\/238"}],"wp:attachment":[{"href":"https:\/\/malpaisediciones.com\/sitio\/wp-json\/wp\/v2\/media?parent=4157"}],"wp:term":[{"taxonomy":"product_brand","embeddable":true,"href":"https:\/\/malpaisediciones.com\/sitio\/wp-json\/wp\/v2\/product_brand?post=4157"},{"taxonomy":"product_cat","embeddable":true,"href":"https:\/\/malpaisediciones.com\/sitio\/wp-json\/wp\/v2\/product_cat?post=4157"},{"taxonomy":"product_tag","embeddable":true,"href":"https:\/\/malpaisediciones.com\/sitio\/wp-json\/wp\/v2\/product_tag?post=4157"}],"curies":[{"name":"wp","href":"https:\/\/api.w.org\/{rel}","templated":true}]}}