{"id":4159,"date":"2025-07-08T13:12:12","date_gmt":"2025-07-08T18:12:12","guid":{"rendered":"https:\/\/malpaisediciones.com\/sitio\/?post_type=product&#038;p=4159"},"modified":"2026-02-23T22:40:53","modified_gmt":"2026-02-24T04:40:53","slug":"en-el-valle-sagrado","status":"publish","type":"product","link":"https:\/\/malpaisediciones.com\/sitio\/producto\/en-el-valle-sagrado\/","title":{"rendered":"En el valle sagrado"},"content":{"rendered":"<p>Autor: Juan Mart\u00ednez<\/p>\n","protected":false},"excerpt":{"rendered":"<p><strong>Juan Mart\u00ednez<\/strong><\/p>\n<p>Si bien su poes\u00eda es m\u00edstica, no todo es uni\u00f3n festiva en la poes\u00eda de Juan Mart\u00ednez. Las p\u00e9rdidas durante su vida dejaron valles de sombra. Juan Mart\u00ednez no era un hombre unidimensional. No era \u00fanicamente un hombre m\u00edstico. Juan Mart\u00ednez fue tambi\u00e9n un hombre atormentado. Una parte de sus versos son registro de estigmas. Esta recopilaci\u00f3n, titulada En el valle sagrado, incluye toda la poes\u00eda de Juan Mart\u00ednez antes publicada y ya inconseguible, adem\u00e1s de valiosos poemas in\u00e9ditos.<\/p>\n<p>216 pp \/ 10.5 x 16 cm<\/p>\n<p><strong>ISBN: 978-607-97604-4-1<\/strong><\/p>\n","protected":false},"featured_media":650,"template":"","meta":{"_acf_changed":false},"product_brand":[],"product_cat":[70],"product_tag":[],"class_list":{"0":"post-4159","1":"product","2":"type-product","3":"status-publish","4":"has-post-thumbnail","6":"product_cat-libros","8":"first","9":"instock","10":"shipping-taxable","11":"purchasable","12":"product-type-simple"},"acf":[],"_links":{"self":[{"href":"https:\/\/malpaisediciones.com\/sitio\/wp-json\/wp\/v2\/product\/4159","targetHints":{"allow":["GET"]}}],"collection":[{"href":"https:\/\/malpaisediciones.com\/sitio\/wp-json\/wp\/v2\/product"}],"about":[{"href":"https:\/\/malpaisediciones.com\/sitio\/wp-json\/wp\/v2\/types\/product"}],"wp:featuredmedia":[{"embeddable":true,"href":"https:\/\/malpaisediciones.com\/sitio\/wp-json\/wp\/v2\/media\/650"}],"wp:attachment":[{"href":"https:\/\/malpaisediciones.com\/sitio\/wp-json\/wp\/v2\/media?parent=4159"}],"wp:term":[{"taxonomy":"product_brand","embeddable":true,"href":"https:\/\/malpaisediciones.com\/sitio\/wp-json\/wp\/v2\/product_brand?post=4159"},{"taxonomy":"product_cat","embeddable":true,"href":"https:\/\/malpaisediciones.com\/sitio\/wp-json\/wp\/v2\/product_cat?post=4159"},{"taxonomy":"product_tag","embeddable":true,"href":"https:\/\/malpaisediciones.com\/sitio\/wp-json\/wp\/v2\/product_tag?post=4159"}],"curies":[{"name":"wp","href":"https:\/\/api.w.org\/{rel}","templated":true}]}}