{"id":4167,"date":"2025-07-08T13:27:55","date_gmt":"2025-07-08T18:27:55","guid":{"rendered":"https:\/\/malpaisediciones.com\/sitio\/?post_type=product&#038;p=4167"},"modified":"2025-07-08T13:30:48","modified_gmt":"2025-07-08T18:30:48","slug":"espiral-en-retorno","status":"publish","type":"product","link":"https:\/\/malpaisediciones.com\/sitio\/producto\/espiral-en-retorno\/","title":{"rendered":"Espiral en retorno"},"content":{"rendered":"<p>Autor: Aurora Reyes<\/p>\n","protected":false},"excerpt":{"rendered":"<p><strong>Aurora Reyes<\/strong><\/p>\n<p>En Espiral en retorno descubro un asedio a diversos momentos de la historia del pa\u00eds, con especial inter\u00e9s en lo que gira en torno a la Revoluci\u00f3n mexicana y la etapa de medio siglo. De igual manera, la insistencia en hablar de la Patria, vista en todo momento desde una perspectiva humana, tiene como resultado que no se retrate de forma alejada, de\u00edfica o ang\u00e9lica, sino una muy terrena y asentada en la organicidad de la naturaleza. La Revoluci\u00f3n es lucha por la tierra. La Patria es la Tierra. La Revoluci\u00f3n es la conquista de la Patria en la concepci\u00f3n po\u00e9tica de nuestra autora.<\/p>\n<p>200 pp \/ 10.5 x 16 cm<\/p>\n<p><strong>ISBN: 978-607-97604-8-9<\/strong><\/p>\n","protected":false},"featured_media":653,"template":"","meta":{"_acf_changed":false},"product_brand":[],"product_cat":[70],"product_tag":[],"class_list":{"0":"post-4167","1":"product","2":"type-product","3":"status-publish","4":"has-post-thumbnail","6":"product_cat-libros","8":"first","9":"outofstock","10":"shipping-taxable","11":"product-type-simple"},"acf":[],"_links":{"self":[{"href":"https:\/\/malpaisediciones.com\/sitio\/wp-json\/wp\/v2\/product\/4167","targetHints":{"allow":["GET"]}}],"collection":[{"href":"https:\/\/malpaisediciones.com\/sitio\/wp-json\/wp\/v2\/product"}],"about":[{"href":"https:\/\/malpaisediciones.com\/sitio\/wp-json\/wp\/v2\/types\/product"}],"wp:featuredmedia":[{"embeddable":true,"href":"https:\/\/malpaisediciones.com\/sitio\/wp-json\/wp\/v2\/media\/653"}],"wp:attachment":[{"href":"https:\/\/malpaisediciones.com\/sitio\/wp-json\/wp\/v2\/media?parent=4167"}],"wp:term":[{"taxonomy":"product_brand","embeddable":true,"href":"https:\/\/malpaisediciones.com\/sitio\/wp-json\/wp\/v2\/product_brand?post=4167"},{"taxonomy":"product_cat","embeddable":true,"href":"https:\/\/malpaisediciones.com\/sitio\/wp-json\/wp\/v2\/product_cat?post=4167"},{"taxonomy":"product_tag","embeddable":true,"href":"https:\/\/malpaisediciones.com\/sitio\/wp-json\/wp\/v2\/product_tag?post=4167"}],"curies":[{"name":"wp","href":"https:\/\/api.w.org\/{rel}","templated":true}]}}