{"id":4178,"date":"2025-07-08T13:53:33","date_gmt":"2025-07-08T18:53:33","guid":{"rendered":"https:\/\/malpaisediciones.com\/sitio\/?post_type=product&#038;p=4178"},"modified":"2025-07-08T13:58:41","modified_gmt":"2025-07-08T18:58:41","slug":"la-libertad-tiene-otro-nombre-antologia-de-la-poesia-politica-y-social-en-mexico","status":"publish","type":"product","link":"https:\/\/malpaisediciones.com\/sitio\/producto\/la-libertad-tiene-otro-nombre-antologia-de-la-poesia-politica-y-social-en-mexico\/","title":{"rendered":"La libertad tiene otro nombre: Antolog\u00eda de la poes\u00eda  pol\u00edtica y social en M\u00e9xico"},"content":{"rendered":"<p>Autor: Iv\u00e1n Cruz Osorio (Compilador e investigador)<\/p>\n","protected":false},"excerpt":{"rendered":"<p><strong>Iv\u00e1n Cruz Osorio (Compilador e investigador)<\/strong><\/p>\n<p>\u201cLa libertad tiene otro nombre: Antolog\u00eda de la poes\u00eda pol\u00edtica y social en M\u00e9xico\u201d a diferencia de elaborar un trabajo antol\u00f3gico que aspira a construir un canon, un establishment, una \u00e9lite, el presente trabajo busca presentar la lucha por un pa\u00eds m\u00e1s justo, autocr\u00edtico, con mayores libertades e igualdad que las y los poetas dejaron plasmado en estos poemas y en su labor como guerrilleros, militantes y\/o activistas sociales. Es decir, esta es una antolog\u00eda de autores que dejaron la piel en las alambradas, que pelearon codo a codo en la Revoluci\u00f3n Mexicana, en movimientos obrero, campesino, estudiantil y por garant\u00edas individuales.<\/p>\n<p>Coeditado con la Secretaria de Educaci\u00f3n P\u00fablica, parte de la colecci\u00f3n Ediciones Normalismo Extraordinario<\/p>\n<p>432 pp \/ 14 x 28 cm<\/p>\n<p><strong>ISBN: 978-607-9064-44-0<\/strong><\/p>\n","protected":false},"featured_media":3746,"template":"","meta":{"_acf_changed":false},"product_brand":[],"product_cat":[70],"product_tag":[],"class_list":{"0":"post-4178","1":"product","2":"type-product","3":"status-publish","4":"has-post-thumbnail","6":"product_cat-libros","8":"first","9":"outofstock","10":"shipping-taxable","11":"product-type-simple"},"acf":[],"_links":{"self":[{"href":"https:\/\/malpaisediciones.com\/sitio\/wp-json\/wp\/v2\/product\/4178","targetHints":{"allow":["GET"]}}],"collection":[{"href":"https:\/\/malpaisediciones.com\/sitio\/wp-json\/wp\/v2\/product"}],"about":[{"href":"https:\/\/malpaisediciones.com\/sitio\/wp-json\/wp\/v2\/types\/product"}],"wp:featuredmedia":[{"embeddable":true,"href":"https:\/\/malpaisediciones.com\/sitio\/wp-json\/wp\/v2\/media\/3746"}],"wp:attachment":[{"href":"https:\/\/malpaisediciones.com\/sitio\/wp-json\/wp\/v2\/media?parent=4178"}],"wp:term":[{"taxonomy":"product_brand","embeddable":true,"href":"https:\/\/malpaisediciones.com\/sitio\/wp-json\/wp\/v2\/product_brand?post=4178"},{"taxonomy":"product_cat","embeddable":true,"href":"https:\/\/malpaisediciones.com\/sitio\/wp-json\/wp\/v2\/product_cat?post=4178"},{"taxonomy":"product_tag","embeddable":true,"href":"https:\/\/malpaisediciones.com\/sitio\/wp-json\/wp\/v2\/product_tag?post=4178"}],"curies":[{"name":"wp","href":"https:\/\/api.w.org\/{rel}","templated":true}]}}