{"id":4204,"date":"2025-07-08T14:41:18","date_gmt":"2025-07-08T19:41:18","guid":{"rendered":"https:\/\/malpaisediciones.com\/sitio\/?post_type=product&#038;p=4204"},"modified":"2025-07-08T14:46:25","modified_gmt":"2025-07-08T19:46:25","slug":"mexico-pais-dividido","status":"publish","type":"product","link":"https:\/\/malpaisediciones.com\/sitio\/producto\/mexico-pais-dividido\/","title":{"rendered":"M\u00e9xico, pa\u00eds dividido"},"content":{"rendered":"<p>Autor: Eliezer Morales Arag\u00f3n<\/p>\n","protected":false},"excerpt":{"rendered":"<p><strong>Eliezer Morales<\/strong><\/p>\n<p>Nuestro pa\u00eds est\u00e1 dividido porque la clase pol\u00edtica rompi\u00f3 el pacto social. Se ignoraron de manera grosera los elementos constitutivos que han galvanizado los trayectos m\u00e1s trascendentales a partir del proceso revolucionario que, a su vez, tuvo una serie de proleg\u00f3menos fundadores. No podemos menos que considerar altamente significativos los distintos momentos de los cursos de nuestra vida colectiva, que se desarroll\u00f3 en medio de ambientes de represi\u00f3n y muerte, y que debi\u00f3 enfrentar las acechanzas de la dictadura. Lo anterior es muy semejante en la actualidad, no hay nada nuevo bajo el sol. Lo relevante de estas acotaciones reside en recontar que nuestro crisol nacional debi\u00f3 cruzar y vencer corrientes diversas y constituir con ello nuestro indispensable trayecto hist\u00f3rico. Su significado sigue, a pesar de todos los pesares, estando presente en nuestros afanes reivindicatorios y recuperadores de nuestros d\u00edas. En otras palabras, el momento nos habla de las constituciones como pactos pol\u00edticos antes que instrumentos legales. Esto significa que los distintos pre\u00e1mbulos socio hist\u00f3ricos, y su coagulaci\u00f3n en la Constituci\u00f3n de 1917, forman parte de un continuo hist\u00f3rico, pol\u00edtico y social que se encuentran, ahora mismo, entre nosotros. Adem\u00e1s satisfacen la sed hist\u00f3rica peculiar de cualquier ser humano, y son capaces de contestarnos la interrogante fundamental: \u00bfcu\u00e1l es el pacto pol\u00edtico para hoy y hacia delante? Delinear las respuestas a esta interrogante resulta imperativo.<\/p>\n<p>144 pp \/ 17 x 21 cm<\/p>\n<p><strong>ISBN: 978-607-96644-3-5<\/strong><\/p>\n","protected":false},"featured_media":419,"template":"","meta":{"_acf_changed":false},"product_brand":[],"product_cat":[70],"product_tag":[],"class_list":{"0":"post-4204","1":"product","2":"type-product","3":"status-publish","4":"has-post-thumbnail","6":"product_cat-libros","8":"first","9":"outofstock","10":"shipping-taxable","11":"product-type-simple"},"acf":[],"_links":{"self":[{"href":"https:\/\/malpaisediciones.com\/sitio\/wp-json\/wp\/v2\/product\/4204","targetHints":{"allow":["GET"]}}],"collection":[{"href":"https:\/\/malpaisediciones.com\/sitio\/wp-json\/wp\/v2\/product"}],"about":[{"href":"https:\/\/malpaisediciones.com\/sitio\/wp-json\/wp\/v2\/types\/product"}],"wp:featuredmedia":[{"embeddable":true,"href":"https:\/\/malpaisediciones.com\/sitio\/wp-json\/wp\/v2\/media\/419"}],"wp:attachment":[{"href":"https:\/\/malpaisediciones.com\/sitio\/wp-json\/wp\/v2\/media?parent=4204"}],"wp:term":[{"taxonomy":"product_brand","embeddable":true,"href":"https:\/\/malpaisediciones.com\/sitio\/wp-json\/wp\/v2\/product_brand?post=4204"},{"taxonomy":"product_cat","embeddable":true,"href":"https:\/\/malpaisediciones.com\/sitio\/wp-json\/wp\/v2\/product_cat?post=4204"},{"taxonomy":"product_tag","embeddable":true,"href":"https:\/\/malpaisediciones.com\/sitio\/wp-json\/wp\/v2\/product_tag?post=4204"}],"curies":[{"name":"wp","href":"https:\/\/api.w.org\/{rel}","templated":true}]}}