{"id":4206,"date":"2025-07-08T14:47:35","date_gmt":"2025-07-08T19:47:35","guid":{"rendered":"https:\/\/malpaisediciones.com\/sitio\/?post_type=product&#038;p=4206"},"modified":"2025-07-08T14:58:29","modified_gmt":"2025-07-08T19:58:29","slug":"montones-de-metaforas","status":"publish","type":"product","link":"https:\/\/malpaisediciones.com\/sitio\/producto\/montones-de-metaforas\/","title":{"rendered":"Montones de Met\u00e1foras"},"content":{"rendered":"<p>Autor: Ulises Carri\u00f3n<\/p>\n","protected":false},"excerpt":{"rendered":"<p><!-- wp:paragraph --><\/p>\n<p><strong>Ulises Carri\u00f3n<\/strong><\/p>\n<p><!-- \/wp:paragraph --><\/p>\n<p><!-- wp:paragraph --><\/p>\n<p>Preparado tambi\u00e9n en 1972, <em>Montones de met\u00e1foras<\/em> es un libro te\u00f3rico y po\u00e9tico. Carri\u00f3n le da un t\u00edtulo que se\u00f1ala su dualidad: usar materiales de cultura popular y mundo extra-literario (\u201cmontones\u201d) y provenir de pensar ret\u00f3ricamente (es decir, pensando en el orden del discurso). Acto inmediato de comenzar con el t\u00edtulo, Carri\u00f3n reflexiona sobre este acto literario inicial (titular) y as\u00ed construye su contenido inmediato. 34 Leer el libro pronto se convierte en un seguimiento tanto de un m\u00e9todo de Carri\u00f3n como en una atenci\u00f3n al acto de lectura. <em>Poes\u00edas<\/em> es un libro de producci\u00f3n de series; <em>Montones de met\u00e1foras<\/em> es un libro que intenta adquirir mayor unidad incluy\u00e9ndose a s\u00ed mismo como libro literario que incluye series. Malpa\u00eds ediciones publica este libro in\u00e9dito de Carri\u00f3n aplicando la filosof\u00eda de hacer libros del autor, a 30 a\u00f1os de su fallecimiento.<\/p>\n<p><!-- \/wp:paragraph --><\/p>\n<p><!-- wp:paragraph --><\/p>\n<p>114 pp \/ 16.5 x 21 cm<\/p>\n<p><!-- \/wp:paragraph --><\/p>\n<p><!-- wp:paragraph --><\/p>\n<p><strong>ISBN: 978-607-98050-3-6<\/strong><\/p>\n<p><!-- \/wp:paragraph --><\/p>\n","protected":false},"featured_media":734,"template":"","meta":{"_acf_changed":false},"product_brand":[],"product_cat":[70],"product_tag":[],"class_list":{"0":"post-4206","1":"product","2":"type-product","3":"status-publish","4":"has-post-thumbnail","6":"product_cat-libros","8":"first","9":"outofstock","10":"shipping-taxable","11":"product-type-simple"},"acf":[],"_links":{"self":[{"href":"https:\/\/malpaisediciones.com\/sitio\/wp-json\/wp\/v2\/product\/4206","targetHints":{"allow":["GET"]}}],"collection":[{"href":"https:\/\/malpaisediciones.com\/sitio\/wp-json\/wp\/v2\/product"}],"about":[{"href":"https:\/\/malpaisediciones.com\/sitio\/wp-json\/wp\/v2\/types\/product"}],"wp:featuredmedia":[{"embeddable":true,"href":"https:\/\/malpaisediciones.com\/sitio\/wp-json\/wp\/v2\/media\/734"}],"wp:attachment":[{"href":"https:\/\/malpaisediciones.com\/sitio\/wp-json\/wp\/v2\/media?parent=4206"}],"wp:term":[{"taxonomy":"product_brand","embeddable":true,"href":"https:\/\/malpaisediciones.com\/sitio\/wp-json\/wp\/v2\/product_brand?post=4206"},{"taxonomy":"product_cat","embeddable":true,"href":"https:\/\/malpaisediciones.com\/sitio\/wp-json\/wp\/v2\/product_cat?post=4206"},{"taxonomy":"product_tag","embeddable":true,"href":"https:\/\/malpaisediciones.com\/sitio\/wp-json\/wp\/v2\/product_tag?post=4206"}],"curies":[{"name":"wp","href":"https:\/\/api.w.org\/{rel}","templated":true}]}}