{"id":4240,"date":"2025-07-08T22:05:41","date_gmt":"2025-07-09T03:05:41","guid":{"rendered":"https:\/\/malpaisediciones.com\/sitio\/?post_type=product&#038;p=4240"},"modified":"2025-07-08T22:09:03","modified_gmt":"2025-07-09T03:09:03","slug":"pueblerio","status":"publish","type":"product","link":"https:\/\/malpaisediciones.com\/sitio\/producto\/pueblerio\/","title":{"rendered":"Puebler\u00edo"},"content":{"rendered":"<p>Autor: Mario Panyagua<\/p>\n","protected":false},"excerpt":{"rendered":"<p><!-- wp:paragraph --><\/p>\n<p><strong>Mario Panyagua<\/strong><\/p>\n<p><!-- \/wp:paragraph --><\/p>\n<p><!-- wp:paragraph --><\/p>\n<p>\u00abMientras uno va leyendo el poemario \u00b4Puebler\u00edo\u00b4, de Mario Panyagua, va creciendo en el lector la sensaci\u00f3n de estar presenciando el fin del mundo, c\u00f3mo se desmorona frente a nuestros ojos. Panyagua enfoca su tierra bald\u00eda ya en el p\u00e1ramo norte del pa\u00eds, camino a la frontera; ya en el desierto de la gran ciudad, ya en el pueblo que ya no existe. Con \u00b4Puebler\u00edo\u00b4, Mario Panyagua nos muestra con creces que es un poeta con gran talento y en plena madurez de su oficio\u00bb.<br \/><em>H\u00e9ctor Carreto<\/em><\/p>\n<p><!-- \/wp:paragraph --><\/p>\n<p><!-- wp:paragraph --><\/p>\n<p><strong>Ilustraciones de:<\/strong> Carmen Lop<\/p>\n<p><!-- \/wp:paragraph --><\/p>\n<p><!-- wp:paragraph --><\/p>\n<p>92 pp \/ 12.5 x 19 cm<\/p>\n<p><!-- \/wp:paragraph --><\/p>\n<p><!-- wp:paragraph --><\/p>\n<p><strong>ISBN: 978-607-29-0698-3<\/strong><\/p>\n<p><!-- \/wp:paragraph --><\/p>\n","protected":false},"featured_media":508,"template":"","meta":{"_acf_changed":false},"product_brand":[],"product_cat":[70],"product_tag":[],"class_list":{"0":"post-4240","1":"product","2":"type-product","3":"status-publish","4":"has-post-thumbnail","6":"product_cat-libros","8":"first","9":"outofstock","10":"shipping-taxable","11":"product-type-simple"},"acf":[],"_links":{"self":[{"href":"https:\/\/malpaisediciones.com\/sitio\/wp-json\/wp\/v2\/product\/4240","targetHints":{"allow":["GET"]}}],"collection":[{"href":"https:\/\/malpaisediciones.com\/sitio\/wp-json\/wp\/v2\/product"}],"about":[{"href":"https:\/\/malpaisediciones.com\/sitio\/wp-json\/wp\/v2\/types\/product"}],"wp:featuredmedia":[{"embeddable":true,"href":"https:\/\/malpaisediciones.com\/sitio\/wp-json\/wp\/v2\/media\/508"}],"wp:attachment":[{"href":"https:\/\/malpaisediciones.com\/sitio\/wp-json\/wp\/v2\/media?parent=4240"}],"wp:term":[{"taxonomy":"product_brand","embeddable":true,"href":"https:\/\/malpaisediciones.com\/sitio\/wp-json\/wp\/v2\/product_brand?post=4240"},{"taxonomy":"product_cat","embeddable":true,"href":"https:\/\/malpaisediciones.com\/sitio\/wp-json\/wp\/v2\/product_cat?post=4240"},{"taxonomy":"product_tag","embeddable":true,"href":"https:\/\/malpaisediciones.com\/sitio\/wp-json\/wp\/v2\/product_tag?post=4240"}],"curies":[{"name":"wp","href":"https:\/\/api.w.org\/{rel}","templated":true}]}}