{"id":4242,"date":"2025-07-08T22:11:33","date_gmt":"2025-07-09T03:11:33","guid":{"rendered":"https:\/\/malpaisediciones.com\/sitio\/?post_type=product&#038;p=4242"},"modified":"2025-07-08T22:13:59","modified_gmt":"2025-07-09T03:13:59","slug":"radio-poema-inalambrico-en-trece-mensajes","status":"publish","type":"product","link":"https:\/\/malpaisediciones.com\/sitio\/producto\/radio-poema-inalambrico-en-trece-mensajes\/","title":{"rendered":"Radio. Poema inal\u00e1mbrico en trece mensajes"},"content":{"rendered":"<p>Autor: Kyn Taniya<\/p>\n","protected":false},"excerpt":{"rendered":"<p>Kyn Taniya<\/p>\n<p>\u201cKyn taniya y su obra po\u00e9tica puede que no sea estridentista y m\u00e1s bien se apegue de manera general a la vanguardia sin que podamos fijarle un ismo en particular. Me refiero en espec\u00edfico a considerar que tanto <em>Avi\u00f3n<\/em> como <em>Radio<\/em> se asientan en una suerte de modernismo literario desde donde exploran y detonan ciertos artificios vanguardistas para bus-car acomodo al individuo que ha sido presa del discurso modernizador.\u201d Alejandro Palma<\/p>\n<p>64 pp \/ 10.5 x 16 cm<\/p>\n<p><strong>ISBN: 978-607-96628-0-6<\/strong><\/p>\n","protected":false},"featured_media":240,"template":"","meta":{"_acf_changed":false},"product_brand":[],"product_cat":[70],"product_tag":[],"class_list":{"0":"post-4242","1":"product","2":"type-product","3":"status-publish","4":"has-post-thumbnail","6":"product_cat-libros","8":"first","9":"outofstock","10":"shipping-taxable","11":"product-type-simple"},"acf":[],"_links":{"self":[{"href":"https:\/\/malpaisediciones.com\/sitio\/wp-json\/wp\/v2\/product\/4242","targetHints":{"allow":["GET"]}}],"collection":[{"href":"https:\/\/malpaisediciones.com\/sitio\/wp-json\/wp\/v2\/product"}],"about":[{"href":"https:\/\/malpaisediciones.com\/sitio\/wp-json\/wp\/v2\/types\/product"}],"wp:featuredmedia":[{"embeddable":true,"href":"https:\/\/malpaisediciones.com\/sitio\/wp-json\/wp\/v2\/media\/240"}],"wp:attachment":[{"href":"https:\/\/malpaisediciones.com\/sitio\/wp-json\/wp\/v2\/media?parent=4242"}],"wp:term":[{"taxonomy":"product_brand","embeddable":true,"href":"https:\/\/malpaisediciones.com\/sitio\/wp-json\/wp\/v2\/product_brand?post=4242"},{"taxonomy":"product_cat","embeddable":true,"href":"https:\/\/malpaisediciones.com\/sitio\/wp-json\/wp\/v2\/product_cat?post=4242"},{"taxonomy":"product_tag","embeddable":true,"href":"https:\/\/malpaisediciones.com\/sitio\/wp-json\/wp\/v2\/product_tag?post=4242"}],"curies":[{"name":"wp","href":"https:\/\/api.w.org\/{rel}","templated":true}]}}