{"id":4244,"date":"2025-07-08T22:15:07","date_gmt":"2025-07-09T03:15:07","guid":{"rendered":"https:\/\/malpaisediciones.com\/sitio\/?post_type=product&#038;p=4244"},"modified":"2025-07-08T22:16:52","modified_gmt":"2025-07-09T03:16:52","slug":"ratas-en-la-alta-noche","status":"publish","type":"product","link":"https:\/\/malpaisediciones.com\/sitio\/producto\/ratas-en-la-alta-noche\/","title":{"rendered":"Ratas en la alta noche"},"content":{"rendered":"<p>Autor: Jamila Medina<\/p>\n","protected":false},"excerpt":{"rendered":"<p><strong>Jamila Medina<\/strong><\/p>\n<p><em>Ratas en la alta noche<\/em> es un libro de cuentos de la poeta y narradora cubana Jamila Medina (Holgu\u00edn, Cuba, 1981), una de las voces j\u00f3venes m\u00e1s reconocidas dentro de la importante tradici\u00f3n cubana actualmente.<\/p>\n<p>Ilustraci\u00f3n de postales: Nora Mill\u00e1n<\/p>\n<p>182 pp \/ 11 x 15.5 cm<\/p>\n","protected":false},"featured_media":126,"template":"","meta":{"_acf_changed":false},"product_brand":[],"product_cat":[70],"product_tag":[],"class_list":{"0":"post-4244","1":"product","2":"type-product","3":"status-publish","4":"has-post-thumbnail","6":"product_cat-libros","8":"first","9":"outofstock","10":"shipping-taxable","11":"product-type-simple"},"acf":[],"_links":{"self":[{"href":"https:\/\/malpaisediciones.com\/sitio\/wp-json\/wp\/v2\/product\/4244","targetHints":{"allow":["GET"]}}],"collection":[{"href":"https:\/\/malpaisediciones.com\/sitio\/wp-json\/wp\/v2\/product"}],"about":[{"href":"https:\/\/malpaisediciones.com\/sitio\/wp-json\/wp\/v2\/types\/product"}],"wp:featuredmedia":[{"embeddable":true,"href":"https:\/\/malpaisediciones.com\/sitio\/wp-json\/wp\/v2\/media\/126"}],"wp:attachment":[{"href":"https:\/\/malpaisediciones.com\/sitio\/wp-json\/wp\/v2\/media?parent=4244"}],"wp:term":[{"taxonomy":"product_brand","embeddable":true,"href":"https:\/\/malpaisediciones.com\/sitio\/wp-json\/wp\/v2\/product_brand?post=4244"},{"taxonomy":"product_cat","embeddable":true,"href":"https:\/\/malpaisediciones.com\/sitio\/wp-json\/wp\/v2\/product_cat?post=4244"},{"taxonomy":"product_tag","embeddable":true,"href":"https:\/\/malpaisediciones.com\/sitio\/wp-json\/wp\/v2\/product_tag?post=4244"}],"curies":[{"name":"wp","href":"https:\/\/api.w.org\/{rel}","templated":true}]}}