{"id":4254,"date":"2025-07-08T22:28:41","date_gmt":"2025-07-09T03:28:41","guid":{"rendered":"https:\/\/malpaisediciones.com\/sitio\/?post_type=product&#038;p=4254"},"modified":"2025-07-08T22:30:36","modified_gmt":"2025-07-09T03:30:36","slug":"u-s-s-a","status":"publish","type":"product","link":"https:\/\/malpaisediciones.com\/sitio\/producto\/u-s-s-a\/","title":{"rendered":"U.S.S.A."},"content":{"rendered":"<p>Autor: Benjam\u00edn E. Morales<\/p>\n","protected":false},"excerpt":{"rendered":"<p><!-- wp:paragraph --><\/p>\n<p><strong>Benjam\u00edn Morales<\/strong><\/p>\n<p><!-- \/wp:paragraph --><\/p>\n<p><!-- wp:paragraph --><\/p>\n<p>Primer poemario de Benjam\u00edn E. Molares, nos acerca a seis mujeres norteamericanas (Grace Kelly, Dolly Parton, Nina Simone, Norma Jean, Susan Sontag, Condoleezza Rice), quienes en una entrega descarnada, desarrollada a manera de mon\u00f3logo dram\u00e1tico, nos ofrecen una imagen aleg\u00f3rica del ascenso y la ca\u00edda de los Estados Unidos de Norteam\u00e9rica.<\/p>\n<p><!-- \/wp:paragraph --><\/p>\n<p><!-- wp:paragraph --><\/p>\n<p>72 pp. \/ 10.5 x 16 cm<\/p>\n<p><!-- \/wp:paragraph --><\/p>\n<p><!-- wp:paragraph --><\/p>\n<p><strong>Edici\u00f3n agotada.<\/strong><\/p>\n<p><!-- \/wp:paragraph --><\/p>\n","protected":false},"featured_media":108,"template":"","meta":{"_acf_changed":false},"product_brand":[],"product_cat":[70],"product_tag":[],"class_list":{"0":"post-4254","1":"product","2":"type-product","3":"status-publish","4":"has-post-thumbnail","6":"product_cat-libros","8":"first","9":"outofstock","10":"shipping-taxable","11":"product-type-simple"},"acf":[],"_links":{"self":[{"href":"https:\/\/malpaisediciones.com\/sitio\/wp-json\/wp\/v2\/product\/4254","targetHints":{"allow":["GET"]}}],"collection":[{"href":"https:\/\/malpaisediciones.com\/sitio\/wp-json\/wp\/v2\/product"}],"about":[{"href":"https:\/\/malpaisediciones.com\/sitio\/wp-json\/wp\/v2\/types\/product"}],"wp:featuredmedia":[{"embeddable":true,"href":"https:\/\/malpaisediciones.com\/sitio\/wp-json\/wp\/v2\/media\/108"}],"wp:attachment":[{"href":"https:\/\/malpaisediciones.com\/sitio\/wp-json\/wp\/v2\/media?parent=4254"}],"wp:term":[{"taxonomy":"product_brand","embeddable":true,"href":"https:\/\/malpaisediciones.com\/sitio\/wp-json\/wp\/v2\/product_brand?post=4254"},{"taxonomy":"product_cat","embeddable":true,"href":"https:\/\/malpaisediciones.com\/sitio\/wp-json\/wp\/v2\/product_cat?post=4254"},{"taxonomy":"product_tag","embeddable":true,"href":"https:\/\/malpaisediciones.com\/sitio\/wp-json\/wp\/v2\/product_tag?post=4254"}],"curies":[{"name":"wp","href":"https:\/\/api.w.org\/{rel}","templated":true}]}}