{"id":4257,"date":"2025-07-08T22:31:08","date_gmt":"2025-07-09T03:31:08","guid":{"rendered":"https:\/\/malpaisediciones.com\/sitio\/?post_type=product&#038;p=4257"},"modified":"2025-07-08T22:33:31","modified_gmt":"2025-07-09T03:33:31","slug":"variaciones-de-invierno","status":"publish","type":"product","link":"https:\/\/malpaisediciones.com\/sitio\/producto\/variaciones-de-invierno\/","title":{"rendered":"Variaciones de invierno"},"content":{"rendered":"<p>Autor: Juan Bautista Villaseca<\/p>\n","protected":false},"excerpt":{"rendered":"<p><strong>Juan Bautista Villaseca<\/strong><\/p>\n<p>Cuarenta a\u00f1os despu\u00e9s de que los amigos de Juan Bautista Villaseca publicaran su obra (en 1977), Roberto L\u00f3pez Moreno y Malpa\u00eds Ediciones vuelven a ordenar los poemas que forman esta nueva edici\u00f3n de Variaciones de invierno. Con la dulce violencia de la melancol\u00eda, la obra se divide en seis partes, que podr\u00edan ser etapas: \u201cDiurnos\u201d, \u201cDiario para Mar\u00eda Azahar\u201d, \u201cLa luz herida\u201d, \u201cCanciones para una sorda\u201d, \u201cLa soledad rescatada\u201d y \u201cPoemas sueltos\u201d. Desde los diecisiete a los treinta y seis a\u00f1os, Juan Bautista Villaseca publica una obra que rezuma lecturas cl\u00e1sicas y logra versos que suenan a lo cercano: retratan, defienden y critican la sociedad que le form\u00f3 como m\u00e9dico en la UNAM y lo llev\u00f3 a ser un poeta a la sombra que tanto poetiz\u00f3. El fl\u00e2neur de Charles Baudelaire encuentra en el mexicano a un peat\u00f3n que va al cine y comulga con las prostitutas de noche, bajo la lluvia, con t\u00f3picos que se quiebran mas no se doblan en la epifan\u00eda al final de la jornada.<\/p>\n<p>280 pp \/ 10.5 x 16 cm<\/p>\n<p><strong>ISBN: 978-607-97604-1-0<\/strong><\/p>\n","protected":false},"featured_media":656,"template":"","meta":{"_acf_changed":false},"product_brand":[],"product_cat":[70],"product_tag":[],"class_list":{"0":"post-4257","1":"product","2":"type-product","3":"status-publish","4":"has-post-thumbnail","6":"product_cat-libros","8":"first","9":"outofstock","10":"shipping-taxable","11":"product-type-simple"},"acf":[],"_links":{"self":[{"href":"https:\/\/malpaisediciones.com\/sitio\/wp-json\/wp\/v2\/product\/4257","targetHints":{"allow":["GET"]}}],"collection":[{"href":"https:\/\/malpaisediciones.com\/sitio\/wp-json\/wp\/v2\/product"}],"about":[{"href":"https:\/\/malpaisediciones.com\/sitio\/wp-json\/wp\/v2\/types\/product"}],"wp:featuredmedia":[{"embeddable":true,"href":"https:\/\/malpaisediciones.com\/sitio\/wp-json\/wp\/v2\/media\/656"}],"wp:attachment":[{"href":"https:\/\/malpaisediciones.com\/sitio\/wp-json\/wp\/v2\/media?parent=4257"}],"wp:term":[{"taxonomy":"product_brand","embeddable":true,"href":"https:\/\/malpaisediciones.com\/sitio\/wp-json\/wp\/v2\/product_brand?post=4257"},{"taxonomy":"product_cat","embeddable":true,"href":"https:\/\/malpaisediciones.com\/sitio\/wp-json\/wp\/v2\/product_cat?post=4257"},{"taxonomy":"product_tag","embeddable":true,"href":"https:\/\/malpaisediciones.com\/sitio\/wp-json\/wp\/v2\/product_tag?post=4257"}],"curies":[{"name":"wp","href":"https:\/\/api.w.org\/{rel}","templated":true}]}}